{"id":32149,"date":"2019-02-20T06:09:26","date_gmt":"2019-02-20T06:09:26","guid":{"rendered":"http:\/\/wptest.zluck.in\/ecotraction\/what-is-ecotraction\/"},"modified":"2021-07-01T09:10:41","modified_gmt":"2021-07-01T09:10:41","slug":"what-is-ecotraction","status":"publish","type":"page","link":"https:\/\/ecotraction.com\/fr\/what-is-ecotraction\/","title":{"rendered":"C&rsquo;est Quoi ecoTraction?"},"content":{"rendered":"<div class=\"wpb-content-wrapper\">[vc_row css_animation=\u00a0\u00bb\u00a0\u00bb row_type=\u00a0\u00bbrow\u00a0\u00bb use_row_as_full_screen_section=\u00a0\u00bbno\u00a0\u00bb type=\u00a0\u00bbgrid\u00a0\u00bb angled_section=\u00a0\u00bbno\u00a0\u00bb text_align=\u00a0\u00bbcenter\u00a0\u00bb background_image_as_pattern=\u00a0\u00bbwithout_pattern\u00a0\u00bb padding_top=\u00a0\u00bb50&Prime; padding_bottom=\u00a0\u00bb50&Prime; z_index=\u00a0\u00bb\u00a0\u00bb][vc_column][vc_column_text]\n<h1 style=\"text-align: center;\">UN MIN\u00c9RAL MERVEILLEUX<\/h1>\n[\/vc_column_text][vc_separator type=\u00a0\u00bbsmall\u00a0\u00bb position=\u00a0\u00bbcenter\u00a0\u00bb color=\u00a0\u00bb#40228e\u00a0\u00bb up=\u00a0\u00bb20&Prime; down=\u00a0\u00bb20&Prime;][vc_column_text]ecoTraction est un produit de s\u00e9curit\u00e9 utilis\u00e9 comme alternative \u00e9cologiquement au sel et aux produits de d\u00e9gla\u00e7age; il cr\u00e9\u00e9 une traction instantan\u00e9e sur les surfaces glissantes en hiver.<\/p>\n<p>&nbsp;<\/p>\n<p style=\"text-align: center;\">ecoTraction est constitu\u00e9 d\u2019un min\u00e9ral volcanique naturel qui est poreux, relativement tendre, \u00e0 structure en nid d\u2019abeille. Cette structure en forme de cage agit comme une \u201c\u00e9ponge\u201d et la rend utile \u00e0 bien des \u00e9gards. Pendant des d\u00e9cennies, ce min\u00e9ral a \u00e9t\u00e9 utilis\u00e9 comme produit d&rsquo;amendement du sol, produit de lutte contre les odeurs, additif pour l&rsquo;alimentation animale, solution de purification de l&rsquo;eau, produit de confinement de mati\u00e8res toxiques et d&rsquo;assainissement de l&rsquo;environnement, et de nombreuses autres applications.<\/p>\n[\/vc_column_text][\/vc_column][\/vc_row][vc_row css_animation=\u00a0\u00bb\u00a0\u00bb row_type=\u00a0\u00bbrow\u00a0\u00bb use_row_as_full_screen_section=\u00a0\u00bbno\u00a0\u00bb type=\u00a0\u00bbgrid\u00a0\u00bb angled_section=\u00a0\u00bbno\u00a0\u00bb text_align=\u00a0\u00bbleft\u00a0\u00bb background_image_as_pattern=\u00a0\u00bbwithout_pattern\u00a0\u00bb padding_top=\u00a0\u00bb50&Prime; z_index=\u00a0\u00bb\u00a0\u00bb css=\u00a0\u00bb.vc_custom_1549521944383{background-color: #40228e !important;}\u00a0\u00bb][vc_column width=\u00a0\u00bb1\/2&Prime;][vc_single_image image=\u00a0\u00bb31682&Prime; img_size=\u00a0\u00bbfull\u00a0\u00bb alignment=\u00a0\u00bbcenter\u00a0\u00bb onclick=\u00a0\u00bblink_image\u00a0\u00bb qode_css_animation=\u00a0\u00bb\u00a0\u00bb][\/vc_column][vc_column width=\u00a0\u00bb1\/2&Prime; el_class=\u00a0\u00bbzl_mobile_rightside_space\u00a0\u00bb][vc_column_text]\n<h1 style=\"color: #fff;\">LES GRANULES \u00c9PINANTS RENDENT UNE TRACTION \u00c9LEV\u00c9E<\/h1>\n[\/vc_column_text][vc_separator type=\u00a0\u00bbsmall\u00a0\u00bb position=\u00a0\u00bbleft\u00a0\u00bb color=\u00a0\u00bb#ffffff\u00a0\u00bb up=\u00a0\u00bb20&Prime; down=\u00a0\u00bb20&Prime;][vc_column_text]\n<p style=\"color: #fff;\">Gr\u00e2ce \u00e0 ses ar\u00eates vives et \u00e9pineuses et \u00e0 sa structure en nid d&rsquo;abeille, ces granul\u00e9s uniques procurent une traction instantan\u00e9e sur la glace et la neige.<\/p>\n<p>&nbsp;<\/p>\n<p style=\"color: #fff;\">Chaque granule poss\u00e8de des canaux microscopiques qui absorbent la fine couche d\u2019eau glissante trouv\u00e9e sur la glace, lui permettant d\u2019agripper la glace et la neige plus rapidement et mieux que tout autre produit de sa cat\u00e9gorie. Ses cot\u00e9s micro tranchant, sa grande surface, ses multiples points de contact et sa structure rigide font d&rsquo;ecoTraction le meilleur agent de traction pour les conditions hivernales glissantes.<\/p>\n[\/vc_column_text][\/vc_column][\/vc_row][vc_row css_animation=\u00a0\u00bb\u00a0\u00bb row_type=\u00a0\u00bbrow\u00a0\u00bb use_row_as_full_screen_section=\u00a0\u00bbno\u00a0\u00bb type=\u00a0\u00bbgrid\u00a0\u00bb angled_section=\u00a0\u00bbno\u00a0\u00bb text_align=\u00a0\u00bbleft\u00a0\u00bb background_image_as_pattern=\u00a0\u00bbwithout_pattern\u00a0\u00bb padding_top=\u00a0\u00bb50&Prime; padding_bottom=\u00a0\u00bb50&Prime; z_index=\u00a0\u00bb\u00a0\u00bb css=\u00a0\u00bb.vc_custom_1549522004173{background-color: #40228e !important;}\u00a0\u00bb][vc_column][vc_column_text]\n<p style=\"color: #fff;\">ecoTraction ne fond pas comme le sel qui s&rsquo;infiltre dans le sol, contaminant ainsi le sol et les eaux souterraines. Au lieu de cela, ecoTraction conserve sa structure \u00e9pineuse sur la glace et la neige, et dure beaucoup plus longtemps que tout fondant pour \u00e9viter glissement et chute. Au fil du temps, il se d\u00e9compose lorsqu\u2019il est \u00e9cras\u00e9 par les pi\u00e9tons ou automobiles, et au printemps, il peut \u00eatre balay\u00e9 sur les pelouses et les jardins, sans risque.<\/p>\n[\/vc_column_text][\/vc_column][\/vc_row][vc_row css_animation=\u00a0\u00bb\u00a0\u00bb row_type=\u00a0\u00bbrow\u00a0\u00bb use_row_as_full_screen_section=\u00a0\u00bbno\u00a0\u00bb type=\u00a0\u00bbgrid\u00a0\u00bb angled_section=\u00a0\u00bbno\u00a0\u00bb text_align=\u00a0\u00bbleft\u00a0\u00bb background_image_as_pattern=\u00a0\u00bbwithout_pattern\u00a0\u00bb padding_top=\u00a0\u00bb50&Prime; padding_bottom=\u00a0\u00bb50&Prime; z_index=\u00a0\u00bb\u00a0\u00bb][vc_column][vc_tabs style=\u00a0\u00bbboxed\u00a0\u00bb el_class=\u00a0\u00bbzl_tab_style\u00a0\u00bb][vc_tab title=\u00a0\u00bbBON POUR LES PELOUSES ET LES JARDINS\u00a0\u00bb tab_id=\u00a0\u00bbeb5ae6ae-b872-6&Prime;][vc_column_text]ecoTraction est non seulement suffisamment s\u00fbr pour la croissance des plantes, il est \u00e9galement b\u00e9n\u00e9fique au sol et bon pour la v\u00e9g\u00e9tation et votre jardin. Alors que le sel contamine le sol et tue les plantes, ecoTraction fait le contraire. Il retient et lib\u00e8re lentement des nutriments et des min\u00e9raux tels que le potassium, le calcium et le magn\u00e9sium pour maintenir les pelouses en sant\u00e9.<\/p>\n<p>&nbsp;<\/p>\n<p>Gr\u00e2ce \u00e0 sa structure poreuse, il agit comme de minuscules \u00e9ponges en a\u00e9rant le sol et en retenant l&rsquo;eau pour garder le sol humide. Il r\u00e9duit m\u00eame les d\u00e9g\u00e2ts caus\u00e9s par l&rsquo;urine des chiens gr\u00e2ce \u00e0 ses propri\u00e9t\u00e9s de tamis mol\u00e9culaire qui neutralisent l&rsquo;ammoniac afin de l&#8217;emp\u00eacher de br\u00fbler les pelouses.[\/vc_column_text][\/vc_tab][vc_tab title=\u00a0\u00bbPURIFIE NATURELLEMENT L&rsquo;ENVIRONNEMENT\u00a0\u00bb tab_id=\u00a0\u00bb19c07c39-57e3-4&Prime;][vc_column_text]En tant que l&rsquo;un des rares min\u00e9raux naturels \u00e0 charge n\u00e9gative dans la nature, ecoTraction a une grande capacit\u00e9 d&rsquo;\u00e9change de cations (CEC), ce qui lui permet de pi\u00e9ger les m\u00e9taux lourds comme le plomb et l&rsquo;arsenic, qui se trouvent g\u00e9n\u00e9ralement \u00e0 l&rsquo;\u00e9tat de traces dans le sel de voirie.<\/p>\n<p>&nbsp;<\/p>\n<p>Gr\u00e2ce \u00e0 ses propri\u00e9t\u00e9s de tamis mol\u00e9culaires, ecoTraction absorbe et \u00e9limine les m\u00e9taux lourds des lacs, des rivi\u00e8res et des eaux us\u00e9es et les enferme dans sa structure microscopique. Il filtre \u00e9galement l&rsquo;air en absorbant les vapeurs nocives et les odeurs nuisibles.[\/vc_column_text][\/vc_tab][vc_tab title=\u00a0\u00bbS\u00dbR POUR ANIMAUX DOMESTIQUES ET ENFANTS\u00a0\u00bb tab_id=\u00a0\u00bb1548132957380-2-3&Prime;][vc_column_text]ecoTraction est un min\u00e9ral volcanique enti\u00e8rement naturel et non corrosif. Contrairement aux produits \u00e0 base de produits chimiques, il est s\u00e9curitaire pour les enfants au toucher et blesse pas les pattes des animaux domestiques. ecoTraction est un produit 100% naturel qui ne contient ni sel ajout\u00e9, ni chlorures, produits chimiques ou colorants.[\/vc_column_text][\/vc_tab][\/vc_tabs][\/vc_column][\/vc_row][vc_row css_animation=\u00a0\u00bb\u00a0\u00bb row_type=\u00a0\u00bbrow\u00a0\u00bb use_row_as_full_screen_section=\u00a0\u00bbno\u00a0\u00bb type=\u00a0\u00bbgrid\u00a0\u00bb angled_section=\u00a0\u00bbno\u00a0\u00bb text_align=\u00a0\u00bbleft\u00a0\u00bb background_image_as_pattern=\u00a0\u00bbwithout_pattern\u00a0\u00bb padding_top=\u00a0\u00bb50&Prime; padding_bottom=\u00a0\u00bb50&Prime; z_index=\u00a0\u00bb\u00a0\u00bb css=\u00a0\u00bb.vc_custom_1548136867773{background-color: #40228e !important;}\u00a0\u00bb][vc_column][vc_column_text]\n<div class=\"video-responsive\">\n<p style=\"text-align: center;\"><iframe loading=\"lazy\" src=\"https:\/\/www.youtube.com\/embed\/DLF1Wgi9JwM\" width=\"560\" height=\"315\" frameborder=\"0\" allowfullscreen=\"allowfullscreen\"><\/iframe><\/p>\n<\/div>\n[\/vc_column_text][\/vc_column][\/vc_row]\n<\/div>","protected":false},"excerpt":{"rendered":"<p>[vc_row css_animation=\u00a0\u00bb\u00a0\u00bb row_type=\u00a0\u00bbrow\u00a0\u00bb use_row_as_full_screen_section=\u00a0\u00bbno\u00a0\u00bb type=\u00a0\u00bbgrid\u00a0\u00bb angled_section=\u00a0\u00bbno\u00a0\u00bb text_align=\u00a0\u00bbcenter\u00a0\u00bb background_image_as_pattern=\u00a0\u00bbwithout_pattern\u00a0\u00bb padding_top=\u00a0\u00bb50&Prime; padding_bottom=\u00a0\u00bb50&Prime; z_index=\u00a0\u00bb\u00a0\u00bb][vc_column][vc_column_text] UN MIN\u00c9RAL MERVEILLEUX [\/vc_column_text][vc_separator type=\u00a0\u00bbsmall\u00a0\u00bb position=\u00a0\u00bbcenter\u00a0\u00bb color=\u00a0\u00bb#40228e\u00a0\u00bb up=\u00a0\u00bb20&Prime; down=\u00a0\u00bb20&Prime;][vc_column_text]ecoTraction est un produit de s\u00e9curit\u00e9 utilis\u00e9 comme alternative \u00e9cologiquement au sel et aux produits de d\u00e9gla\u00e7age; il cr\u00e9\u00e9 une traction instantan\u00e9e sur les surfaces glissantes&#8230;<\/p>\n","protected":false},"author":1,"featured_media":0,"parent":0,"menu_order":0,"comment_status":"closed","ping_status":"closed","template":"full_width.php","meta":{"footnotes":""},"class_list":["post-32149","page","type-page","status-publish","hentry"],"_links":{"self":[{"href":"https:\/\/ecotraction.com\/fr\/wp-json\/wp\/v2\/pages\/32149","targetHints":{"allow":["GET"]}}],"collection":[{"href":"https:\/\/ecotraction.com\/fr\/wp-json\/wp\/v2\/pages"}],"about":[{"href":"https:\/\/ecotraction.com\/fr\/wp-json\/wp\/v2\/types\/page"}],"author":[{"embeddable":true,"href":"https:\/\/ecotraction.com\/fr\/wp-json\/wp\/v2\/users\/1"}],"replies":[{"embeddable":true,"href":"https:\/\/ecotraction.com\/fr\/wp-json\/wp\/v2\/comments?post=32149"}],"version-history":[{"count":1,"href":"https:\/\/ecotraction.com\/fr\/wp-json\/wp\/v2\/pages\/32149\/revisions"}],"predecessor-version":[{"id":36050,"href":"https:\/\/ecotraction.com\/fr\/wp-json\/wp\/v2\/pages\/32149\/revisions\/36050"}],"wp:attachment":[{"href":"https:\/\/ecotraction.com\/fr\/wp-json\/wp\/v2\/media?parent=32149"}],"curies":[{"name":"wp","href":"https:\/\/api.w.org\/{rel}","templated":true}]}}