{"id":32165,"date":"2019-02-20T06:28:13","date_gmt":"2019-02-20T06:28:13","guid":{"rendered":"http:\/\/wptest.zluck.in\/ecotraction\/des-produits\/ecotraction\/"},"modified":"2021-07-01T09:14:54","modified_gmt":"2021-07-01T09:14:54","slug":"ecotraction","status":"publish","type":"page","link":"https:\/\/ecotraction.com\/fr\/des-produits\/ecotraction\/","title":{"rendered":"ecoTraction"},"content":{"rendered":"<div class=\"wpb-content-wrapper\">[vc_row css_animation=\u00a0\u00bb\u00a0\u00bb row_type=\u00a0\u00bbrow\u00a0\u00bb use_row_as_full_screen_section=\u00a0\u00bbno\u00a0\u00bb type=\u00a0\u00bbgrid\u00a0\u00bb angled_section=\u00a0\u00bbno\u00a0\u00bb text_align=\u00a0\u00bbcenter\u00a0\u00bb background_image_as_pattern=\u00a0\u00bbwithout_pattern\u00a0\u00bb padding_top=\u00a0\u00bb50&Prime; z_index=\u00a0\u00bb\u00a0\u00bb][vc_column][vc_column_text]\n<h1 style=\"text-align: center;\">Produits ecoTraction<\/h1>\n[\/vc_column_text][vc_separator type=\u00a0\u00bbsmall\u00a0\u00bb position=\u00a0\u00bbcenter\u00a0\u00bb color=\u00a0\u00bb#40228e\u00a0\u00bb up=\u00a0\u00bb15&Prime;][vc_column_text css=\u00a0\u00bb.vc_custom_1556530363096{padding-top: 30px !important;padding-bottom: 30px !important;}\u00a0\u00bb]\u201cNous prenons tr\u00e8s au s\u00e9rieux notre responsabilit\u00e9 envers les animaux et leurs propri\u00e9taires. EcoTraction joue un r\u00f4le important pour assurer leur bien-\u00eatre et celui de l&rsquo;environnement. Ce que ecoTraction r\u00e9alise\u2026 est tr\u00e8s appr\u00e9ci\u00e9 de notre personnel, des visiteurs et des v\u00e9t\u00e9rinaires de la r\u00e9gion.\u201d \u2013 Toronto Humane Society[\/vc_column_text][\/vc_column][\/vc_row][vc_row css_animation=\u00a0\u00bb\u00a0\u00bb row_type=\u00a0\u00bbrow\u00a0\u00bb use_row_as_full_screen_section=\u00a0\u00bbno\u00a0\u00bb type=\u00a0\u00bbgrid\u00a0\u00bb angled_section=\u00a0\u00bbno\u00a0\u00bb text_align=\u00a0\u00bbleft\u00a0\u00bb background_image_as_pattern=\u00a0\u00bbwithout_pattern\u00a0\u00bb padding_bottom=\u00a0\u00bb50&Prime; z_index=\u00a0\u00bb\u00a0\u00bb][vc_column width=\u00a0\u00bb1\/3&Prime;][vc_single_image image=\u00a0\u00bb32248&Prime; img_size=\u00a0\u00bbfull\u00a0\u00bb onclick=\u00a0\u00bblink_image\u00a0\u00bb qode_css_animation=\u00a0\u00bb\u00a0\u00bb][vc_empty_space height=\u00a0\u00bb10px\u00a0\u00bb]<div class=\"q_icon_list\"><i class=\"qode_icon_font_awesome fa fa-check qode-ili-icon-holder circle\" style=\"font-size: 30pxpx;color: #40228e;background-color: #ffffff;border-color:#95ca3c;border-style:solid;border-width:1px;\" ><\/i><p style=\"\">Sac de 2,27 kg avec poign\u00e9e et bec verseur<\/p><\/div><div class=\"q_icon_list\"><i class=\"qode_icon_font_awesome fa fa-check qode-ili-icon-holder circle\" style=\"font-size: 30pxpx;color: #40228e;background-color: #ffffff;border-color:#95ca3c;border-style:solid;border-width:1px;\" ><\/i><p style=\"\">Poids l\u00e9ger, facile \u00e0 transporter<\/p><\/div><div class=\"q_icon_list\"><i class=\"qode_icon_font_awesome fa fa-check qode-ili-icon-holder circle\" style=\"font-size: 30pxpx;color: #40228e;background-color: #ffffff;border-color:#95ca3c;border-style:solid;border-width:1px;\" ><\/i><p style=\"\">Parfait \u00e0 garder dans le v\u00e9hicule pour la traction d'urgence<\/p><\/div>[\/vc_column][vc_column width=\u00a0\u00bb1\/3&Prime;][vc_single_image image=\u00a0\u00bb32855&Prime; img_size=\u00a0\u00bbfull\u00a0\u00bb onclick=\u00a0\u00bblink_image\u00a0\u00bb qode_css_animation=\u00a0\u00bb\u00a0\u00bb][vc_empty_space height=\u00a0\u00bb10px\u00a0\u00bb]<div class=\"q_icon_list\"><i class=\"qode_icon_font_awesome fa fa-check qode-ili-icon-holder circle\" style=\"font-size: 30pxpx;color: #40228e;background-color: #ffffff;border-color:#95ca3c;border-style:solid;border-width:1px;\" ><\/i><p style=\"\">Cruche de 3.5 kg (disponible en 4.5 kg dans certains march\u00e9s)<\/p><\/div><div class=\"q_icon_list\"><i class=\"qode_icon_font_awesome fa fa-check qode-ili-icon-holder circle\" style=\"font-size: 30pxpx;color: #40228e;background-color: #ffffff;border-color:#95ca3c;border-style:solid;border-width:1px;\" ><\/i><p style=\"\">Application pratique et rapide<\/p><\/div><div class=\"q_icon_list\"><i class=\"qode_icon_font_awesome fa fa-check qode-ili-icon-holder circle\" style=\"font-size: 30pxpx;color: #40228e;background-color: #ffffff;border-color:#95ca3c;border-style:solid;border-width:1px;\" ><\/i><p style=\"\">Peut \u00eatre facilement rempli en achetant un sac ecoTraction<\/p><\/div>[\/vc_column][vc_column width=\u00a0\u00bb1\/3&Prime;][vc_single_image image=\u00a0\u00bb32080&Prime; img_size=\u00a0\u00bbfull\u00a0\u00bb onclick=\u00a0\u00bblink_image\u00a0\u00bb qode_css_animation=\u00a0\u00bb\u00a0\u00bb][vc_empty_space height=\u00a0\u00bb10px\u00a0\u00bb]<div class=\"q_icon_list\"><i class=\"qode_icon_font_awesome fa fa-check qode-ili-icon-holder circle\" style=\"font-size: 30pxpx;color: #40228e;background-color: #ffffff;border-color:#95ca3c;border-style:solid;border-width:1px;\" ><\/i><p style=\"\">Sac 9.1kg<\/p><\/div><div class=\"q_icon_list\"><i class=\"qode_icon_font_awesome fa fa-check qode-ili-icon-holder circle\" style=\"font-size: 30pxpx;color: #40228e;background-color: #ffffff;border-color:#95ca3c;border-style:solid;border-width:1px;\" ><\/i><p style=\"\">Format \u00e9conomique, meilleure valeur<\/p><\/div>[\/vc_column][\/vc_row][vc_row css_animation=\u00a0\u00bb\u00a0\u00bb row_type=\u00a0\u00bbrow\u00a0\u00bb use_row_as_full_screen_section=\u00a0\u00bbno\u00a0\u00bb type=\u00a0\u00bbgrid\u00a0\u00bb anchor=\u00a0\u00bbsafeforyou\u00a0\u00bb angled_section=\u00a0\u00bbno\u00a0\u00bb text_align=\u00a0\u00bbleft\u00a0\u00bb background_image_as_pattern=\u00a0\u00bbwithout_pattern\u00a0\u00bb background_color=\u00a0\u00bb#40228e\u00a0\u00bb padding_top=\u00a0\u00bb50&Prime; padding_bottom=\u00a0\u00bb50&Prime; z_index=\u00a0\u00bb\u00a0\u00bb el_class=\u00a0\u00bbzl_safeforyou\u00a0\u00bb][vc_column css_animation=\u00a0\u00bbnone\u00a0\u00bb][vc_column_text]\n<h2 style=\"color: #ffffff; text-align: center;\">S\u00c9CURITAIRE POUR VOUS, VOTRE FAMILLE ET VOTRE PROPRI\u00c9T\u00c9<\/h2>\n[\/vc_column_text][vc_separator type=\u00a0\u00bbsmall\u00a0\u00bb position=\u00a0\u00bbcenter\u00a0\u00bb color=\u00a0\u00bb#ffffff\u00a0\u00bb up=\u00a0\u00bb15&Prime; down=\u00a0\u00bb15&Prime;][vc_column_text]\n<p style=\"color: #ffffff; text-align: center;\">ecoTraction est un produit populaire pour remplacer le sel de d\u00e9gla\u00e7age. Contrairement au sel qui prend du temps \u00e0 fondre, ecoTraction procure une traction instantan\u00e9e sur les surfaces glissantes. Il est le produit le plus s\u00fbr de sa cat\u00e9gorie pour l&rsquo;asphalte, le b\u00e9ton, le bois, le m\u00e9tal, la v\u00e9g\u00e9tation, l&rsquo;environnement, et pour les enfants et animaux domestiques. Ce produit \u00e9conomique est compos\u00e9 d\u2019un min\u00e9ral volcanique naturel, ne contient ni chlorures, ni produits chimiques ajout\u00e9s, ni colorants.<\/p>\n[\/vc_column_text][\/vc_column][\/vc_row][vc_row css_animation=\u00a0\u00bb\u00a0\u00bb row_type=\u00a0\u00bbrow\u00a0\u00bb use_row_as_full_screen_section=\u00a0\u00bbno\u00a0\u00bb type=\u00a0\u00bbgrid\u00a0\u00bb angled_section=\u00a0\u00bbno\u00a0\u00bb text_align=\u00a0\u00bbleft\u00a0\u00bb background_image_as_pattern=\u00a0\u00bbwithout_pattern\u00a0\u00bb padding_top=\u00a0\u00bb50&Prime; padding_bottom=\u00a0\u00bb50&Prime; z_index=\u00a0\u00bb\u00a0\u00bb][vc_column width=\u00a0\u00bb1\/2&Prime;][vc_single_image image=\u00a0\u00bb32062&Prime; img_size=\u00a0\u00bb565&#215;480&Prime; alignment=\u00a0\u00bbcenter\u00a0\u00bb style=\u00a0\u00bbvc_box_border\u00a0\u00bb onclick=\u00a0\u00bblink_image\u00a0\u00bb qode_css_animation=\u00a0\u00bbelement_from_left\u00a0\u00bb][\/vc_column][vc_column width=\u00a0\u00bb1\/2&Prime; el_class=\u00a0\u00bbzl_mobile_rightside_space\u00a0\u00bb][vc_column_text]<strong>EcoTraction est tout simplement la solution la plus simple, la plus s\u00fbre et la plus \u00e9conomique disponible.<\/strong>[\/vc_column_text][vc_separator type=\u00a0\u00bbtransparent\u00a0\u00bb up=\u00a0\u00bb15&Prime; down=\u00a0\u00bb15&Prime;]<div class=\"q_icon_list\"><i class=\"qode_icon_font_awesome fa fa-check qode-ili-icon-holder circle\" style=\"font-size: 30pxpx;color: #40228e;background-color: #ffffff;border-color:#95ca3c;border-style:solid;border-width:1px;\" ><\/i><p style=\"\">100% s\u00fbr et naturel<\/p><\/div><div class=\"q_icon_list\"><i class=\"qode_icon_font_awesome fa fa-check qode-ili-icon-holder circle\" style=\"font-size: 30pxpx;color: #40228e;background-color: #ffffff;border-color:#95ca3c;border-style:solid;border-width:1px;\" ><\/i><p style=\"\">Obtenez une traction instantan\u00e9e ressemblant au papier sabl\u00e9<\/p><\/div><div class=\"q_icon_list\"><i class=\"qode_icon_font_awesome fa fa-check qode-ili-icon-holder circle\" style=\"font-size: 30pxpx;color: #40228e;background-color: #ffffff;border-color:#95ca3c;border-style:solid;border-width:1px;\" ><\/i><p style=\"\">Bon pour les pelouses et les jardins<\/p><\/div><div class=\"q_icon_list\"><i class=\"qode_icon_font_awesome fa fa-check qode-ili-icon-holder circle\" style=\"font-size: 30pxpx;color: #40228e;background-color: #ffffff;border-color:#95ca3c;border-style:solid;border-width:1px;\" ><\/i><p style=\"\">N'endommagera pas les all\u00e9es<\/p><\/div>[vc_column_text]\n<h2>OBTENEZ UNE TRACTION INSTANTAN\u00c9E SUR LA GLACE ET LA NEIGE<\/h2>\n[\/vc_column_text][vc_separator type=\u00a0\u00bbsmall\u00a0\u00bb position=\u00a0\u00bbleft\u00a0\u00bb color=\u00a0\u00bb#40228e\u00a0\u00bb up=\u00a0\u00bb15&Prime; down=\u00a0\u00bb15&Prime;][vc_column_text]ecoTraction \u2122 est la solution antid\u00e9rapante ultime pour l&rsquo;hiver. Contrairement au sel, ecoTraction n\u2019a pas besoin de faire fondre la glace et la neige pour offrir une traction instantan\u00e9e. Il suffit de saupoudrer un peu d&rsquo;ecoTraction sur la glace et la neige pour une adh\u00e9rence instantan\u00e9e.[\/vc_column_text][\/vc_column][\/vc_row][vc_row css_animation=\u00a0\u00bb\u00a0\u00bb row_type=\u00a0\u00bbrow\u00a0\u00bb use_row_as_full_screen_section=\u00a0\u00bbno\u00a0\u00bb type=\u00a0\u00bbgrid\u00a0\u00bb angled_section=\u00a0\u00bbno\u00a0\u00bb text_align=\u00a0\u00bbleft\u00a0\u00bb background_image_as_pattern=\u00a0\u00bbwithout_pattern\u00a0\u00bb padding_top=\u00a0\u00bb50&Prime; z_index=\u00a0\u00bb\u00a0\u00bb css=\u00a0\u00bb.vc_custom_1556529005998{padding-bottom: 50px !important;background-color: #40228e !important;}\u00a0\u00bb][vc_column css_animation=\u00a0\u00bbnone\u00a0\u00bb width=\u00a0\u00bb1\/2&Prime;][vc_column_text]\n<h2 style=\"color: #fff;\">PEUT FONCTIONNER TOUT L&rsquo;HIVER<\/h2>\n[\/vc_column_text][vc_separator type=\u00a0\u00bbsmall\u00a0\u00bb position=\u00a0\u00bbleft\u00a0\u00bb color=\u00a0\u00bb#ffffff\u00a0\u00bb up=\u00a0\u00bb15&Prime; down=\u00a0\u00bb15&Prime;][vc_column_text]\n<p style=\"color: #fff;\">Lorsqu&rsquo;elles sont expos\u00e9es au soleil, les granules vert fonc\u00e9 d&rsquo;ecoTraction absorbent la chaleur du soleil comme une voiture noire en \u00e9t\u00e9, fondant la glace et s&rsquo;encrassant dans la glace. Lorsque la temp\u00e9rature augmente et que la glace commence \u00e0 fondre, les granul\u00e9s d&rsquo;ecoTraction ne se dissolvent pas et peuvent fournir une traction pendant des jours, des semaines et des mois apr\u00e8s la premi\u00e8re application.<\/p>\n[\/vc_column_text][vc_empty_space][vc_column_text]\n<p style=\"color: #fff;\">Les granules finissent par se d\u00e9t\u00e9riorer sous le trafic pi\u00e9tonnier ou automobile, mais dans les situations de trafic pi\u00e9tonnier limit\u00e9, ecoTraction peut continuer \u00e0 fonctionner tout l&rsquo;hiver! Lorsque la neige et la glace disparaissent compl\u00e8tement, vous pouvez collecter les restant des granules ecoTraction et les utiliser \u00e0 nouveau l&rsquo;hiver prochain, ou simplement les balayer sur la pelouse et les parterres de fleurs.<\/p>\n[\/vc_column_text][\/vc_column][vc_column css_animation=\u00a0\u00bbnone\u00a0\u00bb width=\u00a0\u00bb1\/2&Prime; el_class=\u00a0\u00bbzl_mobile_rightside_space\u00a0\u00bb][vc_single_image image=\u00a0\u00bb32380&Prime; img_size=\u00a0\u00bbfull\u00a0\u00bb alignment=\u00a0\u00bbcenter\u00a0\u00bb onclick=\u00a0\u00bblink_image\u00a0\u00bb qode_css_animation=\u00a0\u00bbelement_from_right\u00a0\u00bb][\/vc_column][\/vc_row][vc_row css_animation=\u00a0\u00bb\u00a0\u00bb row_type=\u00a0\u00bbrow\u00a0\u00bb use_row_as_full_screen_section=\u00a0\u00bbno\u00a0\u00bb type=\u00a0\u00bbgrid\u00a0\u00bb angled_section=\u00a0\u00bbno\u00a0\u00bb text_align=\u00a0\u00bbleft\u00a0\u00bb background_image_as_pattern=\u00a0\u00bbwithout_pattern\u00a0\u00bb padding_top=\u00a0\u00bb50&Prime; padding_bottom=\u00a0\u00bb50&Prime; z_index=\u00a0\u00bb\u00a0\u00bb][vc_column width=\u00a0\u00bb1\/2&Prime;][vc_column_text]\n<h2 style=\"text-align: left;\">BON POUR LES PELOUSES, LES JARDINS ET L&rsquo;ENVIRONNEMENT<\/h2>\n[\/vc_column_text][vc_separator type=\u00a0\u00bbsmall\u00a0\u00bb position=\u00a0\u00bbleft\u00a0\u00bb color=\u00a0\u00bb#40228e\u00a0\u00bb up=\u00a0\u00bb15&Prime; down=\u00a0\u00bb15&Prime;][vc_column_text]\n<p style=\"text-align: left;\">ecoTraction est non toxique pour l&rsquo;environnement et a de nombreuses applications positives, notamment dans les purificateurs d&rsquo;eau et comme produit d&rsquo;amendement du sol.<\/p>\n<p>&nbsp;<\/p>\n<p style=\"text-align: left;\">Alors que le sel contamine et endommage le sol, les pelouses et les parterres de fleurs, ecoTraction leur est b\u00e9n\u00e9fique gr\u00e2ce \u00e0 ses propri\u00e9t\u00e9s poreuses microscopiques en retenant l&rsquo;eau, en maintenant le sol humide, en a\u00e9rant le sol et en lib\u00e9rant lentement des nutriments et des min\u00e9raux captur\u00e9s tels que le potassium, le calcium et le magn\u00e9sium pour aider \u00e0 la sant\u00e9 de vos plantes.<\/p>\n[\/vc_column_text][vc_empty_space][vc_column_text]\n<h2 style=\"text-align: left;\">N\u2019ENDOMMAGES PAS LES ALL\u00c9ES ET TAPIS<\/h2>\n[\/vc_column_text][vc_separator type=\u00a0\u00bbsmall\u00a0\u00bb position=\u00a0\u00bbleft\u00a0\u00bb color=\u00a0\u00bb#40228e\u00a0\u00bb up=\u00a0\u00bb15&Prime; down=\u00a0\u00bb15&Prime;][vc_column_text]\n<p style=\"text-align: left;\">Contrairement au sel, ecoTraction ne corrodera jamais rien et n\u2019endommagera pas votre b\u00e9ton, vos pierres, votre terrasse en bois, votre m\u00e9tal ou vos tapis.<\/p>\n[\/vc_column_text][\/vc_column][vc_column width=\u00a0\u00bb1\/2&Prime; el_class=\u00a0\u00bbzl_mobile_rightside_space\u00a0\u00bb][vc_row_inner row_type=\u00a0\u00bbrow\u00a0\u00bb type=\u00a0\u00bbfull_width\u00a0\u00bb text_align=\u00a0\u00bbleft\u00a0\u00bb css_animation=\u00a0\u00bb\u00a0\u00bb][vc_column_inner el_class=\u00a0\u00bbzl_removetoppadding\u00a0\u00bb width=\u00a0\u00bb1\/2&Prime;][vc_single_image image=\u00a0\u00bb32093&Prime; img_size=\u00a0\u00bbfull\u00a0\u00bb alignment=\u00a0\u00bbcenter\u00a0\u00bb onclick=\u00a0\u00bblink_image\u00a0\u00bb qode_css_animation=\u00a0\u00bb\u00a0\u00bb el_class=\u00a0\u00bbzl_green_border_around_img\u00a0\u00bb][vc_empty_space height=\u00a0\u00bb16px\u00a0\u00bb][vc_column_text]\n<p style=\"text-align: center; padding-bottom: 16px;\"><strong>Une plante qui pousse dans l\u2019ecoTraction! <\/strong><\/p>\n[\/vc_column_text][\/vc_column_inner][vc_column_inner width=\u00a0\u00bb1\/2&Prime;][vc_single_image image=\u00a0\u00bb32094&Prime; img_size=\u00a0\u00bbfull\u00a0\u00bb alignment=\u00a0\u00bbcenter\u00a0\u00bb onclick=\u00a0\u00bblink_image\u00a0\u00bb qode_css_animation=\u00a0\u00bb\u00a0\u00bb el_class=\u00a0\u00bbzl_green_border_around_img\u00a0\u00bb][vc_empty_space height=\u00a0\u00bb16px\u00a0\u00bb][vc_column_text]\n<p style=\"text-align: center;\"><strong>Un poisson nageant dans un aquarium avec ecoTraction!<\/strong><\/p>\n[\/vc_column_text][\/vc_column_inner][\/vc_row_inner][\/vc_column][\/vc_row][vc_row css_animation=\u00a0\u00bb\u00a0\u00bb row_type=\u00a0\u00bbrow\u00a0\u00bb use_row_as_full_screen_section=\u00a0\u00bbno\u00a0\u00bb type=\u00a0\u00bbgrid\u00a0\u00bb angled_section=\u00a0\u00bbno\u00a0\u00bb text_align=\u00a0\u00bbleft\u00a0\u00bb background_image_as_pattern=\u00a0\u00bbwithout_pattern\u00a0\u00bb z_index=\u00a0\u00bb\u00a0\u00bb css=\u00a0\u00bb.vc_custom_1556528642609{padding-bottom: 50px !important;}\u00a0\u00bb][vc_column][vc_column_text]\n<p style=\"text-align: left;\">\u00ab\u00a0Depuis 2007, Saginaw State University utilise ecoTraction avec des r\u00e9sultats satisfaisants. Je ne peux pas imaginer commencer notre saison hivernale sans ecoTraction\u2026 Cela procure une excellente traction sur nos all\u00e9es et \u00e0 proximit\u00e9 des entr\u00e9es de b\u00e2timent sans nuire au b\u00e9ton, aux pav\u00e9s ou aux am\u00e9nagements paysagers.\u00a0\u00bb<\/p>\n[\/vc_column_text][\/vc_column][\/vc_row][vc_row css_animation=\u00a0\u00bb\u00a0\u00bb row_type=\u00a0\u00bbrow\u00a0\u00bb use_row_as_full_screen_section=\u00a0\u00bbno\u00a0\u00bb type=\u00a0\u00bbgrid\u00a0\u00bb angled_section=\u00a0\u00bbno\u00a0\u00bb text_align=\u00a0\u00bbleft\u00a0\u00bb background_image_as_pattern=\u00a0\u00bbwithout_pattern\u00a0\u00bb padding_top=\u00a0\u00bb50&Prime; padding_bottom=\u00a0\u00bb50&Prime; z_index=\u00a0\u00bb\u00a0\u00bb css=\u00a0\u00bb.vc_custom_1550143354002{background-color: #40228e !important;}\u00a0\u00bb][vc_column width=\u00a0\u00bb1\/2&Prime;][vc_column_text]\n<div class=\"video-responsive\"><iframe loading=\"lazy\" src=\"https:\/\/www.youtube.com\/embed\/DLF1Wgi9JwM\" width=\"500\" height=\"315\" frameborder=\"0\" allowfullscreen=\"allowfullscreen\"><\/iframe><\/div>\n[\/vc_column_text][\/vc_column][vc_column width=\u00a0\u00bb1\/2&Prime; el_class=\u00a0\u00bbzl_mobile_rightside_space zl_videolinks\u00a0\u00bb][vc_column_text]\n<h2 style=\"color: #fff; text-align: left;\">BEAUCOUP MIEUX QUE LE SEL!<\/h2>\n[\/vc_column_text][vc_separator type=\u00a0\u00bbsmall\u00a0\u00bb position=\u00a0\u00bbleft\u00a0\u00bb color=\u00a0\u00bb#ffffff\u00a0\u00bb up=\u00a0\u00bb15&Prime; down=\u00a0\u00bb15&Prime;][vc_column_text]\n<p style=\"color: #fff;\">Nous utilisons 40 millions de tonnes de sel par an sur les routes d&rsquo;Am\u00e9rique du Nord. Le chlorure de sodium corrosif (sel) est en train de d\u00e9truire nos ponts et nos routes, sans parler des voitures.<\/p>\n<p>&nbsp;<\/p>\n<p style=\"color: #fff;\">En plus du chlorure de sodium, le sel de voirie contient des traces de m\u00e9taux lourds et des agents anti-agglom\u00e9rants comme le ferrocyanure de potassium. Ces toxines ne se d\u00e9composent pas. Elles persistent dans nos cours d\u2019eau, nos nappes souterraines, et d\u00e9truisent les plantes et le sol.<\/p>\n<p>&nbsp;<\/p>\n<p style=\"color: #fff;\">Aidez \u00e0 r\u00e9duire la charge sur nos infrastructures et de notre environnement\u2026 avec ecoTraction!<\/p>\n[\/vc_column_text][\/vc_column][\/vc_row][vc_row css_animation=\u00a0\u00bb\u00a0\u00bb row_type=\u00a0\u00bbrow\u00a0\u00bb use_row_as_full_screen_section=\u00a0\u00bbno\u00a0\u00bb type=\u00a0\u00bbgrid\u00a0\u00bb angled_section=\u00a0\u00bbno\u00a0\u00bb text_align=\u00a0\u00bbleft\u00a0\u00bb background_image_as_pattern=\u00a0\u00bbwithout_pattern\u00a0\u00bb padding_top=\u00a0\u00bb50&Prime; padding_bottom=\u00a0\u00bb50&Prime; z_index=\u00a0\u00bb\u00a0\u00bb][vc_column][vc_column_text]\n<h1>Les six principaux probl\u00e8mes avec les sels de d\u00e9gla\u00e7age<\/h1>\n[\/vc_column_text][vc_separator type=\u00a0\u00bbsmall\u00a0\u00bb position=\u00a0\u00bbleft\u00a0\u00bb color=\u00a0\u00bb#40228e\u00a0\u00bb up=\u00a0\u00bb15&Prime; down=\u00a0\u00bb15&Prime;][vc_column_text]Une \u00e9tude r\u00e9alis\u00e9e par le <a href=\"https:\/\/onlinepubs.trb.org\/onlinepubs\/sr\/sr235\/139-148.pdf\" target=\"_blank\" rel=\"noopener noreferrer\">Conseil de recherches sur les transports du Conseil national de recherches<\/a>, et d&rsquo;autres \u00e9tudes, estime que chaque tonne de sel de voirie peut causer des dommages entre $500 \u00e0 $2,000 aux infrastructures, aux v\u00e9hicules, aux biens et \u00e0 l&rsquo;environnement. Pourtant, nous continuons \u00e0 rejeter chaque ann\u00e9e pr\u00e8s de 40 millions de tonnes de fondants et de fondants sur nos trottoirs et nos routes au Canada et aux \u00c9tats-Unis. Certains des probl\u00e8mes majeurs caus\u00e9s par les sels de d\u00e9neigement et les fondants chimiques sont les suivants:[\/vc_column_text][vc_empty_space][vc_accordion active_tab=\u00a0\u00bb1&Prime; style=\u00a0\u00bbaccordion\u00a0\u00bb][vc_accordion_tab title=\u00a0\u00bbCONTAMINE LES EAUX SOUTERRAINES\u00a0\u00bb][vc_column_text]Lorsque le sel et les fondants se dissolvent dans la neige et la glace, ils finissent g\u00e9n\u00e9ralement par drainer leurs toxines dangereuses dans les sols, les \u00e9tangs et les lacs, ainsi que par les r\u00e9seaux d&rsquo;\u00e9gouts de la ville. L\u2019organization Am\u00e9ricaine \u2018The Proceedings of the National Academy of Sciences\u2019 ont conclu que le sel de voirie contamine les sources d\u2019eau potable:<\/p>\n<p>&nbsp;<\/p>\n<p>\u201c\u2026 si la salinit\u00e9 devait continuer \u00e0 augmenter \u00e0 son rythme actuel\u2026 de nombreuses eaux de surface dans le nord-est des \u00c9tats-Unis ne seraient pas potables pour la consommation humaine et deviendraient toxiques pour la vie en eau douce au cours du prochain si\u00e8cle.\u201c<\/p>\n<p>&nbsp;<\/p>\n<p>-Extrait d&rsquo;un r\u00e9sum\u00e9 2005 <a href=\"https:\/\/www.pnas.org\/content\/102\/38\/13517.abstract?ck=nck\" target=\"blank\" rel=\"noopener noreferrer\"><b> \u201cAugmentation de la salinisation de l&rsquo;eau douce dans le nord-est des \u00c9tatsUnis\u201c<\/b><\/a>[\/vc_column_text][\/vc_accordion_tab][vc_accordion_tab title=\u00a0\u00bbD\u00c9TRUIT L&rsquo;INFRASTRUCTURE ET LA PROPRI\u00c9T\u00c9\u00a0\u00bb][vc_column_text]Le sel endommage le b\u00e9ton et corrode les m\u00e9taux. L\u2019Association nationale des ing\u00e9nieurs en corrosion(NACE) d\u00e9clare que:<\/p>\n<p>&nbsp;<\/p>\n<p>\u201cUn certain nombre de facteurs contribuent \u00e0 la corrosion des ponts. L&rsquo;un des plus courants est l&rsquo;utilisation de sels de d\u00e9gla\u00e7age sur les routes et les ponts\u2026 Les sels provoquent la corrosion des barres d&rsquo;armature en acier et d&rsquo;autres composants en acier supportant le pont. Cette forme de corrosion est la principale cause de la d\u00e9t\u00e9rioration des ponts en b\u00e9ton. \u201d<\/p>\n<p>&nbsp;<\/p>\n<p><a href=\"https:\/\/www.nace.org\/cstm\/System\/Error.aspx?aspxerrorpath=\/content.cfm\" target=\"blank\" rel=\"noopener noreferrer\"><b>-NACE International\/ Livres Blancs : Corrosion des ponts<\/b> <\/a>[\/vc_column_text][\/vc_accordion_tab][vc_accordion_tab title=\u00a0\u00bbINEFFICACE PAR TEMPS TR\u00c8S FROID\u00a0\u00bb][vc_column_text]Selon \u201cThe Salt Institute,\u201d le sel de voirie cesse de fondre efficacement la glace ou la neige en dessousde -9\u00b0C.[\/vc_column_text][\/vc_accordion_tab][vc_accordion_tab title=\u00a0\u00bbTUE LES PELOUSES ET LA VIE V\u00c9G\u00c9TALE\u00a0\u00bb][vc_column_text]\n<p>Au printemps, les propri\u00e9taires sont souvent d\u00e9\u00e7us de constater que les sels fondants qu\u2019ils ont utilis\u00e9s en hiver ont tu\u00e9 une partie de leur pelouse et de leur am\u00e9nagement paysager.<\/p>\n[\/vc_column_text][\/vc_accordion_tab][vc_accordion_tab title=\u00a0\u00bbNUIT AUX ANIMAUX ET AUX ENFANTS\u00a0\u00bb][vc_column_text]Les fondants peuvent \u00eatre nocifs pour les animaux domestiques et les enfants. Les pattes des animaux domestiques peuvent \u00eatre bless\u00e9 et ils peuvent ing\u00e9rer de grandes concentrations de ces toxines quand ils se l\u00e8chent les pattes. Les enfants peuvent manger des granul\u00e9s chimiquement teints qui peuvent parfois ressembler \u00e0 des bonbons.[\/vc_column_text][\/vc_accordion_tab][vc_accordion_tab title=\u00a0\u00bbFOURNIT UNE TRACTION INCOH\u00c9RENTE\u00a0\u00bb][vc_column_text]Les sels de d\u00e9gla\u00e7age ne sont pas des agents de traction. En fait, ils peuvent r\u00e9duire la traction en laissant derri\u00e8re eux une solution de saumure liquide qui reg\u00e8le, rendant les routes et les trottoirs encore plus glissants qu&rsquo;auparavant.[\/vc_column_text][\/vc_accordion_tab][\/vc_accordion][\/vc_column][\/vc_row]\n<\/div>","protected":false},"excerpt":{"rendered":"<p>[vc_row css_animation=\u00a0\u00bb\u00a0\u00bb row_type=\u00a0\u00bbrow\u00a0\u00bb use_row_as_full_screen_section=\u00a0\u00bbno\u00a0\u00bb type=\u00a0\u00bbgrid\u00a0\u00bb angled_section=\u00a0\u00bbno\u00a0\u00bb text_align=\u00a0\u00bbcenter\u00a0\u00bb background_image_as_pattern=\u00a0\u00bbwithout_pattern\u00a0\u00bb padding_top=\u00a0\u00bb50&Prime; z_index=\u00a0\u00bb\u00a0\u00bb][vc_column][vc_column_text] Produits ecoTraction [\/vc_column_text][vc_separator type=\u00a0\u00bbsmall\u00a0\u00bb position=\u00a0\u00bbcenter\u00a0\u00bb color=\u00a0\u00bb#40228e\u00a0\u00bb up=\u00a0\u00bb15&Prime;][vc_column_text css=\u00a0\u00bb.vc_custom_1556530363096{padding-top: 30px !important;padding-bottom: 30px !important;}\u00a0\u00bb]\u201cNous prenons tr\u00e8s au s\u00e9rieux notre responsabilit\u00e9 envers les animaux et leurs propri\u00e9taires. EcoTraction joue un r\u00f4le important pour assurer leur bien-\u00eatre et celui&#8230;<\/p>\n","protected":false},"author":1,"featured_media":0,"parent":32162,"menu_order":0,"comment_status":"closed","ping_status":"closed","template":"full_width.php","meta":{"footnotes":""},"class_list":["post-32165","page","type-page","status-publish","hentry"],"_links":{"self":[{"href":"https:\/\/ecotraction.com\/fr\/wp-json\/wp\/v2\/pages\/32165","targetHints":{"allow":["GET"]}}],"collection":[{"href":"https:\/\/ecotraction.com\/fr\/wp-json\/wp\/v2\/pages"}],"about":[{"href":"https:\/\/ecotraction.com\/fr\/wp-json\/wp\/v2\/types\/page"}],"author":[{"embeddable":true,"href":"https:\/\/ecotraction.com\/fr\/wp-json\/wp\/v2\/users\/1"}],"replies":[{"embeddable":true,"href":"https:\/\/ecotraction.com\/fr\/wp-json\/wp\/v2\/comments?post=32165"}],"version-history":[{"count":1,"href":"https:\/\/ecotraction.com\/fr\/wp-json\/wp\/v2\/pages\/32165\/revisions"}],"predecessor-version":[{"id":36053,"href":"https:\/\/ecotraction.com\/fr\/wp-json\/wp\/v2\/pages\/32165\/revisions\/36053"}],"up":[{"embeddable":true,"href":"https:\/\/ecotraction.com\/fr\/wp-json\/wp\/v2\/pages\/32162"}],"wp:attachment":[{"href":"https:\/\/ecotraction.com\/fr\/wp-json\/wp\/v2\/media?parent=32165"}],"curies":[{"name":"wp","href":"https:\/\/api.w.org\/{rel}","templated":true}]}}