{"id":32184,"date":"2019-02-20T07:06:24","date_gmt":"2019-02-20T07:06:24","guid":{"rendered":"http:\/\/wptest.zluck.in\/ecotraction\/faq\/"},"modified":"2021-07-01T09:15:58","modified_gmt":"2021-07-01T09:15:58","slug":"faq","status":"publish","type":"page","link":"https:\/\/ecotraction.com\/fr\/faq\/","title":{"rendered":"FAQ"},"content":{"rendered":"<div class=\"wpb-content-wrapper\">[vc_row css_animation=\u00a0\u00bb\u00a0\u00bb row_type=\u00a0\u00bbrow\u00a0\u00bb use_row_as_full_screen_section=\u00a0\u00bbno\u00a0\u00bb type=\u00a0\u00bbgrid\u00a0\u00bb angled_section=\u00a0\u00bbno\u00a0\u00bb text_align=\u00a0\u00bbleft\u00a0\u00bb background_image_as_pattern=\u00a0\u00bbwithout_pattern\u00a0\u00bb background_color=\u00a0\u00bb#ffffff\u00a0\u00bb padding_top=\u00a0\u00bb50&Prime; padding_bottom=\u00a0\u00bb30&Prime; z_index=\u00a0\u00bb\u00a0\u00bb el_id=\u00a0\u00bbzl_paddingtopremove\u00a0\u00bb][vc_column][vc_accordion style=\u00a0\u00bbaccordion\u00a0\u00bb][vc_accordion_tab title=\u00a0\u00bbQU&rsquo;EST-CE QUE L&rsquo;\u00c9COTRACTION?\u00a0\u00bb title_color=\u00a0\u00bb#ffffff\u00a0\u00bb background_color=\u00a0\u00bb#401494&Prime;][vc_column_text]ecoTraction est fabriqu\u00e9 \u00e0 partir d&rsquo;une famille de min\u00e9raux volcaniques hydrothermaux. En termes simples, ecoTraction s&rsquo;est form\u00e9 dans une eau surchauff\u00e9e riche en min\u00e9raux, circulant dans des zones d&rsquo;activit\u00e9 volcanique, se cristallisant et se d\u00e9posant dans de petites \u00ab\u00a0v\u00e9sicules\u00a0\u00bb ou des trous dans des s\u00e9quences massives de lave et d&rsquo;autres roches. Ce processus prend des millions d&rsquo;ann\u00e9es.<\/p>\n<p>&nbsp;<\/p>\n<p>Au fil du temps, un min\u00e9ral poreux, charg\u00e9 n\u00e9gativement, de grande surface sp\u00e9cifique, s&rsquo;est form\u00e9 avec des caract\u00e9ristiques uniques qui en font un agent de traction extr\u00eamement efficace qui pr\u00e9sente \u00e9galement des avantages pour l&rsquo;environnement.[\/vc_column_text][\/vc_accordion_tab][vc_accordion_tab title=\u00a0\u00bbQUELLE EST LA DIFF\u00c9RENCE AVEC ECOTRACTION PRO?\u00a0\u00bb title_color=\u00a0\u00bb#ffffff\u00a0\u00bb background_color=\u00a0\u00bb#401494&Prime;][vc_column_text]ecoTraction PRO est compos\u00e9 du m\u00eame min\u00e9ral 100% naturel que ecoTraction. Les seules diff\u00e9rences sont que les plus grandes granules sont optimis\u00e9s pour les \u00e9pandeurs commerciaux et que nous les vendons dans un plus grand format, y compris des bacs d&rsquo;une tonne.<\/p>\n<p>&nbsp;<\/p>\n<p>ecoTraction PRO met plus de temps \u00e0 se d\u00e9composer et il excelle \u00e0 fournir une traction dans les applications r\u00e9sidentielles, commerciales, industrielles et municipals, de pi\u00e9ton \u00e0 v\u00e9hicule. Il est con\u00e7u pour offrir une traction plus longue dans les zones de forte fr\u00e9quentation, les all\u00e9es et les routes secondaires. Il ne se dissout pas comme le sel, mais procure une traction accrue pendant les cycles de gel \/ d\u00e9gel.<\/p>\n<p>&nbsp;<\/p>\n<p>ecoTraction PRO p\u00e9n\u00e8tre encore moins dans les b\u00e2timents que ecoTraction original en raison de la taille de ses granules et du fait que nous avons filt\u00e9 et retir\u00e9 les plus petites particules.[\/vc_column_text][\/vc_accordion_tab][vc_accordion_tab title=\u00a0\u00bbCOMMENT ECOTRACTION FOURNIT-IL UNE TELLE TRACTION EFFICACE SUR LA GLACE ET LA NEIGE?\u00a0\u00bb title_color=\u00a0\u00bb#ffffff\u00a0\u00bb background_color=\u00a0\u00bb#401494&Prime;][vc_column_text]Chaque granule d&rsquo;ecoTraction poss\u00e8de des canaux microscopiques qui absorbent la couche d&rsquo;eau glissante que l&rsquo;on trouve sur la glace. Cela permet \u00e0 ecoTraction de s\u2019int\u00e9grer rapidement dans la glace et la neige. Sa structure \u00e9pineuse et rigide fait d&rsquo;ecoTraction le meilleur agent de traction pour les conditions hivernales glissantes. Cela signifie que ecoTraction est le produit le plus efficace pour fournir une adh\u00e9rence instantan\u00e9e lors de temp\u00eates de verglas dangereuses.[\/vc_column_text][\/vc_accordion_tab][vc_accordion_tab title=\u00a0\u00bbQUELLE EST LA RENTABILIT\u00c9 D&rsquo;\u00c9COTRACTION?\u00a0\u00bb title_color=\u00a0\u00bb#ffffff\u00a0\u00bb background_color=\u00a0\u00bb#401494&Prime;][vc_column_text]Nos recherches montrent qu\u2019une tasse d\u2019ecoTraction couvre en toute s\u00e9curit\u00e9 un espace de stationnement moyen, faisant d\u2019ecoTraction la solution la plus \u00e9conomique sur le march\u00e9. Combinez cette valeur avec un impact environnemental nul et la possibilit\u00e9 de la r\u00e9utiliser pour plusieurs applications, et ecoTraction produit un r\u00e9el rapport qualit\u00e9-prix.[\/vc_column_text][\/vc_accordion_tab][vc_accordion_tab title=\u00a0\u00bbPOURQUOI ECOTRACTION EST-IL UN MEILLEUR CHOIX QUE LE SABLE OU LA LITI\u00c8RE DE CHAT?\u00a0\u00bb title_color=\u00a0\u00bb#ffffff\u00a0\u00bb background_color=\u00a0\u00bb#401494&Prime;][vc_column_text]ecoTraction est sup\u00e9rieur aux autres agents de traction comme le sable ou la liti\u00e8re pour chats pour plusieurs raisons:<\/p>\n<p>&nbsp;<\/p>\n<p>\u2022 Les tests de l&rsquo;Universit\u00e9 de Carleton ont montr\u00e9 que m\u00eame en utilisant 7 fois moins d&rsquo;ecoTraction que de sable, ecoTraction fournit toujours une traction sup\u00e9rieure de 35%.<\/p>\n<p>\u2022 ecoTraction adh\u00e8re moins aux souliers et p\u00e9n\u00e8tre moins dans les \u00e9difices que le sable en raison de ses capacit\u00e9s d\u2019int\u00e9gration dans la neige et glace, et de la taille plus grande des granules<\/p>\n<p>\u2022 ecoTraction est une pierre plus tendre que le sable, il est donc moins susceptible de rayer le sol.<\/p>\n<p>\u2022 ecoTraction est 50% plus l\u00e9ger que le sable et ne s\u2019agglom\u00e8re pas facilement, ce qui facilite son chargement et son transport.<\/p>\n<p>\u2022 Si le sable s&rsquo;accumule dans les pelouses, il peut causer des probl\u00e8mes de drainage et ass\u00e9cher les poches dans le sol.<\/p>\n<p>\u2022 La liti\u00e8re pour chat est compos\u00e9e d\u2019argile de bentonite et finit par devenir \u00abbouillie\u00bb sur la neige ou la glace[\/vc_column_text][\/vc_accordion_tab][vc_accordion_tab title=\u00a0\u00bbO\u00d9 PUIS-JE UTILISER ECOTRACTION?\u00a0\u00bb title_color=\u00a0\u00bb#ffffff\u00a0\u00bb background_color=\u00a0\u00bb#401494&Prime;][vc_column_text]Utilisez ecoTraction comme agent de traction partout autour de votre maison ou votre entreprise, l\u00e0 o\u00f9 les gens marchent ou conduisent sur de la glace ou de la neige glissantes. Les zones sur lesquelles se concentrer sont les trottoirs, les all\u00e9es, les escaliers, les patios, les terrasses, les aires de jeux, les atterrissages, les aires pour animaux de compagnie, les parcs, les sentiers et les stationnements.<\/p>\n<p>&nbsp;<\/p>\n<p>Au printemps, balayez simplement ecoTraction sur votre pelouse ou votre jardin, ou r\u00e9utilisez-le pour de nombreuses autres applications domestiques.[\/vc_column_text][\/vc_accordion_tab][vc_accordion_tab title=\u00a0\u00bbQUEL EST LE MEILLEUR MOYEN D&rsquo;APPLIQUER ECOTRACTION?\u00a0\u00bb title_color=\u00a0\u00bb#ffffff\u00a0\u00bb background_color=\u00a0\u00bb#401494&Prime;][vc_column_text]<em>Sec, neige poudreuse<\/em><\/p>\n<p>Commencez par enlever la neige. Si les conditions de marche sont encore glissantes, \u00e9talez une fine couche d&rsquo;ecoTraction afin que la zone de marche soit visiblement couverte.<\/p>\n<p>&nbsp;<\/p>\n<p><em>Gr\u00e9sil, pluie vergla\u00e7ante<\/em><\/p>\n<p>D\u00e8s que la glace commence \u00e0 se former, appliquez ecoTraction pour obtenir des conditions de marche s\u00fbres. Il fournira une traction incroyable instantan\u00e9ment. Des applications r\u00e9p\u00e9t\u00e9es pourraient \u00eatre n\u00e9cessaires quand ecoTraction est recouvert de couches de glace suppl\u00e9mentaires. Cependant, ecoTraction refait surface apr\u00e8s une certaine fonte car il ne se dissout par comme le sel.<\/p>\n<p>&nbsp;<\/p>\n<p><em>Humide, neige lourde<\/em><\/p>\n<p>Enlevez la neige, puis appliquez l\u00e9g\u00e8rement ecoTraction. Lorsque plus de deux pouces s\u2019accumulent, pelleter l\u2019exc\u00e8s de neige et renouveler l\u2019application si n\u00e9cessaire. Notez qu&rsquo;une grande partie d\u2019ecoTraction devrait rester ancr\u00e9e dans la couche de glace inf\u00e9rieure et y rester malgr\u00e9 le pelletage.<\/p>\n<p>&nbsp;<\/p>\n<p><em>Accumulation de neige et de glace durcies<\/em><\/p>\n<p>ecoTraction est le produit id\u00e9al pour les zones o\u00f9 la neige et la glace sont compact\u00e9es et n\u2019ont pas besoin d\u2019\u00eatre pellet\u00e9es. Il suffit de saupoudrer ecoTraction directement sur la neige durcie et de r\u00e9appliquer l\u00e9g\u00e8rement si n\u00e9cessaire apr\u00e8s l&rsquo;accumulation ult\u00e9rieure de neige et de glace.<\/p>\n<p>&nbsp;<\/p>\n<p>Pour les conditions glissantes qui sont cr\u00e9\u00e9es au printemps par la fonte du jour et le gel la nuit, ecoTraction fournit une traction constante. Chaque couche de neige fondante expose des granules incrust\u00e9s.[\/vc_column_text][\/vc_accordion_tab][vc_accordion_tab title=\u00a0\u00bbPOURQUOI ECOTRACTION EST-IL SI BON POUR MON PELOUSE OU JARDIN?\u00a0\u00bb title_color=\u00a0\u00bb#ffffff\u00a0\u00bb background_color=\u00a0\u00bb#401494&Prime;][vc_column_text]Les propri\u00e9t\u00e9s uniques d\u2019ecoTraction aident \u00e0 am\u00e9liorer votre sol en ameliorant les r\u00e9servoirs de nutriments du sol, le taux d\u2019infiltration du sol, l\u2019a\u00e9ration et la capacit\u00e9 de r\u00e9tention d\u2019eau du sol. Sa qualit\u00e9 absorbante garde l&rsquo;eau dans le sol plus longtemps et sa structure en nid d&rsquo;abeille contribue \u00e0 am\u00e9liorer la circulation de l&rsquo;air dans le sol.<\/p>\n<p>&nbsp;<\/p>\n<p>Chaque granule d&rsquo;ecoTraction, gr\u00e2ce \u00e0 sa grande capacit\u00e9 d&rsquo;\u00e9change de cations, conserve \u00e9galement un r\u00e9servoir d&rsquo;\u00e9l\u00e9ments nutritifs accessibles aux plantes, tels que le potassium, le calcium et le magn\u00e9sium, pour reconstituer ceux qui ont \u00e9t\u00e9 \u00e9limin\u00e9s par les pr\u00e9cipitations ou l&rsquo;eau d&rsquo;irrigation. Utiliser ecoTraction vous aidera \u00e0 arroser moins et \u00e0 fertiliser moins, tout en maintenant votre pelouse plus verte et plus luxuriante![\/vc_column_text][\/vc_accordion_tab][vc_accordion_tab title=\u00a0\u00bbCOMMENT ECOTRACTION ABSORBE T-IL LES M\u00c9TAUX LOURDS ET LES TOXINES?\u00a0\u00bb title_color=\u00a0\u00bb#ffffff\u00a0\u00bb background_color=\u00a0\u00bb#401494&Prime;][vc_column_text]ecoTraction est fabriqu\u00e9 \u00e0 partir d&rsquo;un min\u00e9ral volcanique naturel dot\u00e9 d&rsquo;une structure en nid d&rsquo;abeille complexe et unique. Il agit comme une cage et agit au niveau mol\u00e9culaire contre les m\u00e9taux lourds et les toxines nocives. Parce qu\u2019il s\u2019agit d\u2019un des rares min\u00e9raux de la nature \u00e0 charge n\u00e9gative, ecoTraction agit comme un aimant attirant les toxines, les capturant dans sa cage et les \u00e9liminant de l\u2019environnement<\/p>\n<p>&nbsp;<\/p>\n<p>ecoTraction a une grande capacit\u00e9 d&rsquo;\u00e9change de cations, ce qui signifie que dans la petite structure en nid d&rsquo;abeilles de la mol\u00e9cule d&rsquo;ecoTraction, il peut \u00e9changer, absorber et pi\u00e9ger les ions de l&rsquo;environnement. C\u2019est cette capacit\u00e9 unique d\u2019\u00e9change de cations qui fait que ce min\u00e9ral est si largement utilis\u00e9 dans un large \u00e9ventail d\u2019applications environnementales.[\/vc_column_text][\/vc_accordion_tab][vc_accordion_tab title=\u00a0\u00bbEST-CE QUE ECOTRACTION FAIT FONDE LA GLACE ET LA NEIGE?\u00a0\u00bb title_color=\u00a0\u00bb#ffffff\u00a0\u00bb background_color=\u00a0\u00bb#401494&Prime;][vc_column_text]ecoTraction est un min\u00e9ral volcanique con\u00e7u pour offrir une traction \u00e9lev\u00e9e, mais il peut \u00e9galement faire fonde la neige et la glace car il est de couleur sombre lorsqu&rsquo;il est humide. Il concentre le rayonnement solaire comme une voiture noire au soleil, o\u00f9 cette absorption de la chaleur solaire pendant la journ\u00e9e aide l\u2019ecoTraction \u00e0 s\u2019immiscer dans la glace et la neige.<\/p>\n<p>&nbsp;<\/p>\n<p>Lorsque vous quittez la maison, appliquez une fine couche d&rsquo;ecoTraction sur les zones glissantes pour obtenir une TRACTION INSTANTAN\u00c9E. \u00c0 votre retour, vous remarquerez que les granules vert fonc\u00e9 expos\u00e9s \u00e0 la lumi\u00e8re directe du soleil auront p\u00e9n\u00e9tr\u00e9 \u00e0 la surface de la glace. \u00c0 mesure que les granules d&rsquo;ecoTraction fondent dans la glace, ils laissent derri\u00e8re eux de petits trous qui acc\u00e9l\u00e8rent la d\u00e9gradation de la glace et facilitent son \u00e9limination.<\/p>\n<p>&nbsp;<\/p>\n<p>Le principal avantage d\u2019ecoTraction est qu\u2019il procure une TRACTION INSTANTAN\u00c9E lorsque vous en avez le plus besoin! Contrairement aux fondants \u00e0 base de chlore (comme le sel) qui sont corrosifs et toxiques, ecoTraction est sans produit chimique, non corrosif et non toxique. Profitez de la tranquillit\u00e9 d&rsquo;esprit de savoir que vos animaux domestiques, votre passerelle en b\u00e9ton et vos pelouses sont en s\u00e9curit\u00e9.[\/vc_column_text][\/vc_accordion_tab][vc_accordion_tab title=\u00a0\u00bbCOMMENT PUIS-JE REDUIRE LE MONTANT D\u2019ECOTRACTION QUI P\u00c9N\u00c8TRE DANS UNE \u00c9DIFICE?\u00a0\u00bb title_color=\u00a0\u00bb#ffffff\u00a0\u00bb background_color=\u00a0\u00bb#401494&Prime;][vc_column_text]ecoTraction p\u00e9n\u00e8tre moins dans les \u00e9difices que le sable ou le sel en raison de sa tendance \u00e0 s\u2019int\u00e9grer dans la glace et la neige. Toutefois, pour r\u00e9duire encore davantage la p\u00e9n\u00e9tration, vous pouvez soit m\u00e9langer ecoTraction avec de l\u2019eau chaude du robinet, soit passer une tasses d\u2019ecoTraction au micro-ondes pendant 30 secondes pour r\u00e9chaufer le min\u00e9ral et s\u2019assurer que chaque granule s\u2019int\u00e8gre dans la glace et neige imm\u00e9diatement. Nous vous recommandons \u00e9galement de simplement tapoter vos bottes \u00e0 l&rsquo;ext\u00e9rieur avant d&rsquo;entrer dans la maison. Si ecoTraction p\u00e9n\u00e8tre \u00e0 l&rsquo;int\u00e9rieur de la maison, le min\u00e9ral n\u2019est pas corrosif, et ne corroderont pas comme le sel.[\/vc_column_text][\/vc_accordion_tab][vc_accordion_tab title=\u00a0\u00bbPUIS-JE UTILISER ECOTRACTION AVEC DES FONDANTS \u00c0 GLACE ET SEL?\u00a0\u00bb title_color=\u00a0\u00bb#ffffff\u00a0\u00bb background_color=\u00a0\u00bb#401494&Prime;][vc_column_text]ecoTraction est un excellent compl\u00e9ment aux fondants \u00e0 glace et sel. ecoTraction emp\u00eachera les glissades et les chutes en absorbant la saumure glissante qui peut \u00eatre laiss\u00e9e par la fonte incompl\u00e8te de la glace et qui est sujette \u00e0 une recong\u00e9lation dangereuse. La structure ressemblant \u00e0 une \u00e9ponge d\u2019ecoTraction absorbera \u00e9galement une partie des r\u00e9sidus blancs caus\u00e9s par les fondants \u00e0 sel et \u00e0 glace, r\u00e9duisant ainsi les taches inesth\u00e9tiques et limitant les dommages aux pelouses et aux jardins.<\/p>\n<p>&nbsp;<\/p>\n<p>ecoTraction a \u00e9galement la capacit\u00e9 unique d\u2019absorber les m\u00e9taux lourds lixivi\u00e9s \u00e0 partir de sel de voirie dilu\u00e9, contribuant ainsi \u00e0 r\u00e9duire l\u2019impact destructeur de ce sel sur l\u2019environnement.[\/vc_column_text][\/vc_accordion_tab][vc_accordion_tab title=\u00a0\u00bbQUE FAIRE AVEC ECOTRACTION SUR MON TROTTOIR ET SENTIER UNE FOIS QUE LA NEIGE EST FONDUE?\u00a0\u00bb title_color=\u00a0\u00bb#ffffff\u00a0\u00bb background_color=\u00a0\u00bb#401494&Prime;][vc_column_text]Vous pouvez balayer les restes d&rsquo;ecoTraction sur la pelouse ou les jardins, car cela profite au sol. Vous pouvez \u00e9galement balayer les restes d\u2019ecoTraction et les r\u00e9utiliser l\u2019hiver suivant.<\/p>\n<p>&nbsp;<\/p>\n<p>Il existe \u00e9galement des applications domestiques courantes toute l&rsquo;ann\u00e9e o\u00f9 vous pouvez utiliser ce min\u00e9ral:<\/p>\n<p>&nbsp;<\/p>\n<p><em>Absorption d&rsquo;huile<\/em><\/p>\n<p>ecoTraction s&rsquo;est r\u00e9v\u00e9l\u00e9 \u00eatre un absorbant tr\u00e8s efficace contre les d\u00e9versements d&rsquo;hydrocarbures. Il peut m\u00eame soulever une vieille tache d&rsquo;huile du b\u00e9ton. \u00c9crasez simplement ecoTraction avec votre pied dans la tache et laissez-le pendant environ une semaine avant de le balayer.<\/p>\n<p>&nbsp;<\/p>\n<p><em>D\u00e9sodorisant<\/em><\/p>\n<p>ecoTraction peut \u00e9galement \u00eatre utilis\u00e9 comme d\u00e9sodorisant naturel dans les zones fumeurs ou r\u00e9serv\u00e9es aux animaux domestiques, ou dans les zones humides telles que les sous-sols. Laissez simplement ecoTraction expos\u00e9 sur un plateau ou un bol et placez-le dans la zone souhait\u00e9e.<\/p>\n<p>&nbsp;<\/p>\n<p>Si vous avez des animaux domestiques, ecoTraction constitue un excellent additif \u00e0 la liti\u00e8re pour chat ou \u00e0 la liti\u00e8re pour chevaux qui absorbera la forte odeur d&rsquo;ammoniac de l&rsquo;urine. Vous pouvez le r\u00e9pandre sur les pelouses pour emp\u00eacher l&rsquo;herbe de mourir de l&rsquo;urine d&rsquo;un chien puisque ecoTraction convertit l&rsquo;ammoniac toxique en ammonium b\u00e9n\u00e9fique pour les plantes.<\/p>\n<p>&nbsp;<\/p>\n<p><em>Purificateur d&rsquo;eau d&rsquo;aquarium<\/em><\/p>\n<p>Si bien rinc\u00e9, ecoTraction peut \u00eatre utilis\u00e9 comme pierre d\u2019aquarium pour absorber et r\u00e9duire naturellement les nitrates et les sulfates dans l\u2019eau.<\/p>\n<p>&nbsp;<\/p>\n<p><em>Enricher de sol<\/em><\/p>\n<p>ecoTraction constitue un excellent amendement de sol pour les pelouses et les jardins. Pour des r\u00e9sultats optimaux, m\u00e9langez 10 livres par 100 pieds carr\u00e9s de terre v\u00e9g\u00e9tale. Il convient \u00e9galement comme insecticide naturel contre les limaces en raison de ses propri\u00e9t\u00e9s de s\u00e9chage naturelles.[\/vc_column_text][\/vc_accordion_tab][\/vc_accordion][vc_separator type=\u00a0\u00bbtransparent\u00a0\u00bb up=\u00a0\u00bb60&Prime; down=\u00a0\u00bb0&Prime;][\/vc_column][\/vc_row]\n<\/div>","protected":false},"excerpt":{"rendered":"<p>[vc_row css_animation=\u00a0\u00bb\u00a0\u00bb row_type=\u00a0\u00bbrow\u00a0\u00bb use_row_as_full_screen_section=\u00a0\u00bbno\u00a0\u00bb type=\u00a0\u00bbgrid\u00a0\u00bb angled_section=\u00a0\u00bbno\u00a0\u00bb text_align=\u00a0\u00bbleft\u00a0\u00bb background_image_as_pattern=\u00a0\u00bbwithout_pattern\u00a0\u00bb background_color=\u00a0\u00bb#ffffff\u00a0\u00bb padding_top=\u00a0\u00bb50&Prime; padding_bottom=\u00a0\u00bb30&Prime; z_index=\u00a0\u00bb\u00a0\u00bb el_id=\u00a0\u00bbzl_paddingtopremove\u00a0\u00bb][vc_column][vc_accordion style=\u00a0\u00bbaccordion\u00a0\u00bb][vc_accordion_tab title=\u00a0\u00bbQU&rsquo;EST-CE QUE L&rsquo;\u00c9COTRACTION?\u00a0\u00bb title_color=\u00a0\u00bb#ffffff\u00a0\u00bb background_color=\u00a0\u00bb#401494&Prime;][vc_column_text]ecoTraction est fabriqu\u00e9 \u00e0 partir d&rsquo;une famille de min\u00e9raux volcaniques hydrothermaux. En termes simples, ecoTraction s&rsquo;est form\u00e9 dans une eau surchauff\u00e9e riche en min\u00e9raux, circulant dans des&#8230;<\/p>\n","protected":false},"author":1,"featured_media":0,"parent":0,"menu_order":0,"comment_status":"closed","ping_status":"closed","template":"full_width.php","meta":{"footnotes":""},"class_list":["post-32184","page","type-page","status-publish","hentry"],"_links":{"self":[{"href":"https:\/\/ecotraction.com\/fr\/wp-json\/wp\/v2\/pages\/32184","targetHints":{"allow":["GET"]}}],"collection":[{"href":"https:\/\/ecotraction.com\/fr\/wp-json\/wp\/v2\/pages"}],"about":[{"href":"https:\/\/ecotraction.com\/fr\/wp-json\/wp\/v2\/types\/page"}],"author":[{"embeddable":true,"href":"https:\/\/ecotraction.com\/fr\/wp-json\/wp\/v2\/users\/1"}],"replies":[{"embeddable":true,"href":"https:\/\/ecotraction.com\/fr\/wp-json\/wp\/v2\/comments?post=32184"}],"version-history":[{"count":1,"href":"https:\/\/ecotraction.com\/fr\/wp-json\/wp\/v2\/pages\/32184\/revisions"}],"predecessor-version":[{"id":36057,"href":"https:\/\/ecotraction.com\/fr\/wp-json\/wp\/v2\/pages\/32184\/revisions\/36057"}],"wp:attachment":[{"href":"https:\/\/ecotraction.com\/fr\/wp-json\/wp\/v2\/media?parent=32184"}],"curies":[{"name":"wp","href":"https:\/\/api.w.org\/{rel}","templated":true}]}}