{"id":32917,"date":"2019-05-06T08:59:02","date_gmt":"2019-05-06T08:59:02","guid":{"rendered":"http:\/\/wptest.zluck.in\/ecotraction\/?page_id=32917"},"modified":"2021-07-01T09:17:05","modified_gmt":"2021-07-01T09:17:05","slug":"notre-histoire","status":"publish","type":"page","link":"https:\/\/ecotraction.com\/fr\/notre-histoire\/","title":{"rendered":"Notre histoire"},"content":{"rendered":"<div class=\"wpb-content-wrapper\">[vc_row css_animation=\u00a0\u00bb\u00a0\u00bb row_type=\u00a0\u00bbrow\u00a0\u00bb use_row_as_full_screen_section=\u00a0\u00bbno\u00a0\u00bb type=\u00a0\u00bbgrid\u00a0\u00bb angled_section=\u00a0\u00bbno\u00a0\u00bb text_align=\u00a0\u00bbleft\u00a0\u00bb background_image_as_pattern=\u00a0\u00bbwithout_pattern\u00a0\u00bb padding_top=\u00a0\u00bb50&Prime; padding_bottom=\u00a0\u00bb50&Prime; z_index=\u00a0\u00bb\u00a0\u00bb][vc_column][vc_column_text]\n<h1 style=\"text-align: left; font-size: 22px !important;\"><i>\u201cNous n&rsquo;h\u00e9ritons pas de la terre de nos anc\u00eatres, nous l&#8217;empruntons \u00e0 nos enfants.\u201d<\/i> &#8211; David Brower<\/h1>\n[\/vc_column_text][vc_separator type=\u00a0\u00bbsmall\u00a0\u00bb position=\u00a0\u00bbleft\u00a0\u00bb color=\u00a0\u00bb#40228e\u00a0\u00bb][vc_empty_space height=\u00a0\u00bb15px\u00a0\u00bb][vc_column_text]Earth Innovations Inc, fabricant d\u2019ecoTraction, a commenc\u00e9 avec mission d\u2019offir une solution de remplacement du sel de d\u00e9gla\u00e7age car il est nocif pour les animaux domestiques, corrosif, endommage les infrastructures de routes et de ponts en Am\u00e9rique du Nord, sans oublier le b\u00e9ton, les tapis et les v\u00e9hicules. De plus, les scientifiques sonnent l&rsquo;alarme que le ruissellement du sel pollue les eaux souterraines et les sols, affectant n\u00e9gativement la vie aquatique, les eaux de puits, les ruisseaux, les rivi\u00e8res, les lacs, la v\u00e9g\u00e9tation et les arbres.[\/vc_column_text][\/vc_column][\/vc_row][vc_row css_animation=\u00a0\u00bb\u00a0\u00bb row_type=\u00a0\u00bbrow\u00a0\u00bb use_row_as_full_screen_section=\u00a0\u00bbno\u00a0\u00bb type=\u00a0\u00bbgrid\u00a0\u00bb angled_section=\u00a0\u00bbno\u00a0\u00bb text_align=\u00a0\u00bbleft\u00a0\u00bb background_image_as_pattern=\u00a0\u00bbwithout_pattern\u00a0\u00bb padding_top=\u00a0\u00bb50&Prime; z_index=\u00a0\u00bb\u00a0\u00bb css=\u00a0\u00bb.vc_custom_1557136543213{background-color: #40228e !important;}\u00a0\u00bb][vc_column width=\u00a0\u00bb1\/2&Prime;][vc_column_text]\n<h1 style=\"color: #fff;\">La naissance d&rsquo;ecoTraction<\/h1>\n[\/vc_column_text][vc_separator type=\u00a0\u00bbsmall\u00a0\u00bb position=\u00a0\u00bbleft\u00a0\u00bb color=\u00a0\u00bb#ffffff\u00a0\u00bb width=\u00a0\u00bb40&Prime; width_in_percentages=\u00a0\u00bbyes\u00a0\u00bb][vc_column_text]\n<p style=\"color: #fff;\">ecoTraction est n\u00e9e en 2005, apr\u00e8s que nos fondateurs aient d\u00e9couvert un min\u00e9ral volcanique unique utilis\u00e9 comme solution de remplacement \u00e9cologique aux fondants. Il fournit une traction tr\u00e8s efficace pour les pi\u00e9tons et les v\u00e9hicules sans endommager les propri\u00e9t\u00e9s ou l&rsquo;environnement.<\/p>\n<p>&nbsp;<\/p>\n<p style=\"color: #fff;\">En 2008, ecoTraction est devenue une sensation nationale au Canada apr\u00e8s son apparition tr\u00e8s r\u00e9ussie dans l\u2019une des \u00e9missions t\u00e9l\u00e9vis\u00e9es les plus regard\u00e9es au pays, Dragons \u2019Den (connue aux \u00c9tats-Unis sous le nom de Sharks\u2019 Tank). Voir la vid\u00e9o \u00e0 droite.<\/p>\n[\/vc_column_text][\/vc_column][vc_column width=\u00a0\u00bb1\/2&Prime; el_class=\u00a0\u00bbzl_mobile_rightside_space\u00a0\u00bb][vc_column_text]\n<div class=\"video-responsive\"><iframe loading=\"lazy\" src=\"https:\/\/www.youtube.com\/embed\/1rSYOVrP_P4\" width=\"560\" height=\"315\" frameborder=\"0\" allowfullscreen=\"allowfullscreen\"><\/iframe><\/div>\n[\/vc_column_text][\/vc_column][\/vc_row][vc_row css_animation=\u00a0\u00bb\u00a0\u00bb row_type=\u00a0\u00bbrow\u00a0\u00bb use_row_as_full_screen_section=\u00a0\u00bbno\u00a0\u00bb type=\u00a0\u00bbgrid\u00a0\u00bb angled_section=\u00a0\u00bbno\u00a0\u00bb text_align=\u00a0\u00bbleft\u00a0\u00bb background_image_as_pattern=\u00a0\u00bbwithout_pattern\u00a0\u00bb padding_top=\u00a0\u00bb25&Prime; padding_bottom=\u00a0\u00bb50&Prime; z_index=\u00a0\u00bb\u00a0\u00bb css=\u00a0\u00bb.vc_custom_1557136578780{background-color: #40228e !important;}\u00a0\u00bb el_class=\u00a0\u00bbzl_ourstorypagelink\u00a0\u00bb][vc_column][vc_column_text]\n<p style=\"color: #fff;\">Ce min\u00e9ral a une multitude d&rsquo;applications b\u00e9n\u00e9fiques pour l&rsquo;environnement: il est utilis\u00e9 depuis des ann\u00e9es pour la purification de l&rsquo;eau, la d\u00e9pollution de l&rsquo;environnement afin de nettoyer les m\u00e9taux lourds et les toxines, en tant que produit d&rsquo;amendement du sol, en tant que produit de lutte contre les odeurs, etc.<\/p>\n<p>&nbsp;<\/p>\n<p style=\"color: #fff;\">Ce min\u00e9ral, sous la nom d&rsquo;ecoTraction, offre un meilleur rapport qualit\u00e9-prix pour les propri\u00e9taires et les gestionnaires immobiliers \u00e0 bien des \u00e9gards, notamment le fait que les utilisateurs peuvent utiliser une fraction du volume par pied carr\u00e9 (par rapport au sel) pour fournir une traction instantan\u00e9e sur les surfaces glissantes d\u2019hiver.<\/p>\n[\/vc_column_text][\/vc_column][\/vc_row][vc_row css_animation=\u00a0\u00bb\u00a0\u00bb row_type=\u00a0\u00bbrow\u00a0\u00bb use_row_as_full_screen_section=\u00a0\u00bbno\u00a0\u00bb type=\u00a0\u00bbgrid\u00a0\u00bb angled_section=\u00a0\u00bbno\u00a0\u00bb text_align=\u00a0\u00bbleft\u00a0\u00bb background_image_as_pattern=\u00a0\u00bbwithout_pattern\u00a0\u00bb padding_top=\u00a0\u00bb50&Prime; padding_bottom=\u00a0\u00bb50&Prime; z_index=\u00a0\u00bb\u00a0\u00bb][vc_column][vc_column_text]\n<h1>Earth Innovations aujourd&rsquo;hui<\/h1>\n[\/vc_column_text][vc_separator type=\u00a0\u00bbsmall\u00a0\u00bb position=\u00a0\u00bbleft\u00a0\u00bb color=\u00a0\u00bb#40228e\u00a0\u00bb][vc_column_text]\n<p>Aujourd\u2019hui, lorsque nous nous tournons vers l\u2019avenir, nous nous engageons \u00e0 fournir des produits \u00e9cologiques durables de haute qualit\u00e9 offrant des impacts environnementaux r\u00e9duits, une valeur et performance exceptionnelle. Nous croyons que nous devons adopter des produits non seulement s\u00fbr pour l\u2019environnement mais aussi b\u00e9n\u00e9fiques pour l\u2019environnement. Nous croyons que nous devons consommer, r\u00e9utiliser et recycler des produits qui prennent soin de notre plan\u00e8te, faisant de notre monde un meilleur endroit pour vivre, travailler et \u00e9lever une famille.<\/p>\n<p>&nbsp;<\/p>\n<p>Vers le futur\u2026 Le ciel est la limite. Nous \u00e9valuons un certain nombre de produits de consommation qui utilisent le m\u00eame min\u00e9ral unique que celui trouv\u00e9 dans ecoTraction en raison de ses multiples utilisations.<\/p>\n[\/vc_column_text][\/vc_column][\/vc_row][vc_row css_animation=\u00a0\u00bb\u00a0\u00bb row_type=\u00a0\u00bbrow\u00a0\u00bb use_row_as_full_screen_section=\u00a0\u00bbno\u00a0\u00bb type=\u00a0\u00bbgrid\u00a0\u00bb angled_section=\u00a0\u00bbno\u00a0\u00bb text_align=\u00a0\u00bbleft\u00a0\u00bb background_image_as_pattern=\u00a0\u00bbwithout_pattern\u00a0\u00bb padding_top=\u00a0\u00bb50&Prime; padding_bottom=\u00a0\u00bb50&Prime; css=\u00a0\u00bb.vc_custom_1550229446755{background-color: #40228e !important;}\u00a0\u00bb z_index=\u00a0\u00bb\u00a0\u00bb el_class=\u00a0\u00bbzl_ourstorypagelink\u00a0\u00bb][vc_column][vc_column_text]\n<h1 style=\"color: #fff;\">\u00c9limination des odeurs<\/h1>\n[\/vc_column_text][vc_separator type=\u00a0\u00bbsmall\u00a0\u00bb position=\u00a0\u00bbleft\u00a0\u00bb color=\u00a0\u00bb#ffffff\u00a0\u00bb][vc_column_text]\n<p style=\"color: #fff;\">Nous fabriquons aussi <a href=\"http:\/\/smellgrabber.com\/\" target=\"blank\" rel=\"noopener noreferrer\"> Smell Grabber<\/a>, un produit tr\u00e8s efficace pour \u00e9liminer les odeurs dans les ordures m\u00e9nag\u00e8res, le compost, les liti\u00e8res pour chat, les poubelles \u00e0 couches pour b\u00e9b\u00e9s, les toilettes ext\u00e9rieures, etc. Il est compos\u00e9 du m\u00eame min\u00e9ral unique qui est 10 fois plus efficace que le bicarbonate de soude pour absorber les odeurs. En tant que l\u2019un des rares min\u00e9raux dans la nature qui est naturellement charg\u00e9s n\u00e9gativement, il cause de nombreux gaz odorants et nocifs \u00e0 se lier directement \u00e0 sa structure microporeuse et emprisonnent les mauvaises odeurs.<\/p>\n[\/vc_column_text][\/vc_column][\/vc_row][vc_row css_animation=\u00a0\u00bb\u00a0\u00bb row_type=\u00a0\u00bbrow\u00a0\u00bb use_row_as_full_screen_section=\u00a0\u00bbno\u00a0\u00bb type=\u00a0\u00bbgrid\u00a0\u00bb angled_section=\u00a0\u00bbno\u00a0\u00bb text_align=\u00a0\u00bbleft\u00a0\u00bb background_image_as_pattern=\u00a0\u00bbwithout_pattern\u00a0\u00bb padding_top=\u00a0\u00bb50&Prime; padding_bottom=\u00a0\u00bb50&Prime; z_index=\u00a0\u00bb\u00a0\u00bb][vc_column][vc_column_text]\n<h1>Les six principaux probl\u00e8mes avec les sels de d\u00e9gla\u00e7age<\/h1>\n[\/vc_column_text][vc_separator type=\u00a0\u00bbsmall\u00a0\u00bb position=\u00a0\u00bbleft\u00a0\u00bb color=\u00a0\u00bb#40228e\u00a0\u00bb up=\u00a0\u00bb20&Prime; down=\u00a0\u00bb20&Prime;][vc_column_text]Une \u00e9tude r\u00e9alis\u00e9e par le <a href=\"https:\/\/onlinepubs.trb.org\/onlinepubs\/sr\/sr235\/139-148.pdf\" target=\"_blank\" rel=\"noopener noreferrer\">Conseil de recherches sur les transports du Conseil national de recherches<\/a>, et d&rsquo;autres \u00e9tudes, estime que chaque tonne de sel de voirie peut causer des dommages entre $500 \u00e0 $2,000 aux infrastructures, aux v\u00e9hicules, aux biens et \u00e0 l&rsquo;environnement. Pourtant, nous continuons \u00e0 rejeter chaque ann\u00e9e pr\u00e8s de 40 millions de tonnes de fondants et de fondants sur nos trottoirs et nos routes au Canada et aux \u00c9tats-Unis. Certains des probl\u00e8mes majeurs caus\u00e9s par les sels de d\u00e9neigement et les fondants chimiques sont les suivants:[\/vc_column_text][vc_empty_space][vc_accordion active_tab=\u00a0\u00bb1&Prime; style=\u00a0\u00bbaccordion\u00a0\u00bb][vc_accordion_tab title=\u00a0\u00bbCONTAMINE LES EAUX SOUTERRAINES\u00a0\u00bb][vc_column_text]Lorsque le sel et les fondants se dissolvent dans la neige et la glace, ils finissent g\u00e9n\u00e9ralement par drainer leurs toxines dangereuses dans les sols, les \u00e9tangs et les lacs, ainsi que par les r\u00e9seaux d&rsquo;\u00e9gouts de la ville. L\u2019organization Am\u00e9ricaine \u2018The Proceedings of the National Academy of Sciences\u2019 ont conclu que le sel de voirie contamine les sources d\u2019eau potable:<\/p>\n<p>&nbsp;<\/p>\n<p>\u201c\u2026 si la salinit\u00e9 devait continuer \u00e0 augmenter \u00e0 son rythme actuel\u2026 de nombreuses eaux de surface dans le nord-est des \u00c9tats-Unis ne seraient pas potables pour la consommation humaine et deviendraient toxiques pour la vie en eau douce au cours du prochain si\u00e8cle.\u201c<\/p>\n<p>&nbsp;<\/p>\n<p>-Extrait d&rsquo;un r\u00e9sum\u00e9 2005 <a href=\"https:\/\/www.pnas.org\/content\/102\/38\/13517.abstract?ck=nck\" target=\"blank\" rel=\"noopener noreferrer\"><b> \u201cAugmentation de la salinisation de l&rsquo;eau douce dans le nord-est des \u00c9tatsUnis\u201c<\/b><\/a>[\/vc_column_text][\/vc_accordion_tab][vc_accordion_tab title=\u00a0\u00bbD\u00c9TRUIT L&rsquo;INFRASTRUCTURE ET LA PROPRI\u00c9T\u00c9\u00a0\u00bb][vc_column_text]Le sel endommage le b\u00e9ton et corrode les m\u00e9taux. L\u2019Association nationale des ing\u00e9nieurs en corrosion(NACE) d\u00e9clare que:<\/p>\n<p>&nbsp;<\/p>\n<p>\u201cUn certain nombre de facteurs contribuent \u00e0 la corrosion des ponts. L&rsquo;un des plus courants est l&rsquo;utilisation de sels de d\u00e9gla\u00e7age sur les routes et les ponts\u2026 Les sels provoquent la corrosion des barres d&rsquo;armature en acier et d&rsquo;autres composants en acier supportant le pont. Cette forme de corrosion est la principale cause de la d\u00e9t\u00e9rioration des ponts en b\u00e9ton. \u201d<\/p>\n<p>&nbsp;<\/p>\n<p><a href=\"https:\/\/www.nace.org\/cstm\/System\/Error.aspx?aspxerrorpath=\/content.cfm\" target=\"blank\" rel=\"noopener noreferrer\"><b>-NACE International\/ Livres Blancs : Corrosion des ponts<\/b> <\/a>[\/vc_column_text][\/vc_accordion_tab][vc_accordion_tab title=\u00a0\u00bbINEFFICACE PAR TEMPS TR\u00c8S FROID\u00a0\u00bb][vc_column_text]Selon \u201cThe Salt Institute,\u201d le sel de voirie cesse de fondre efficacement la glace ou la neige en dessousde -9\u00b0C.[\/vc_column_text][\/vc_accordion_tab][vc_accordion_tab title=\u00a0\u00bbTUE LES PELOUSES ET LA VIE V\u00c9G\u00c9TALE\u00a0\u00bb][vc_column_text]Au printemps, les propri\u00e9taires sont souvent d\u00e9\u00e7us de constater que les sels fondants qu\u2019ils ont utilis\u00e9s en hiver ont tu\u00e9 une partie de leur pelouse et de leur am\u00e9nagement paysager.[\/vc_column_text][\/vc_accordion_tab][vc_accordion_tab title=\u00a0\u00bbNUIT AUX ANIMAUX ET AUX ENFANTS\u00a0\u00bb][vc_column_text]Les fondants peuvent \u00eatre nocifs pour les animaux domestiques et les enfants. Les pattes des animaux domestiques peuvent \u00eatre bless\u00e9 et ils peuvent ing\u00e9rer de grandes concentrations de ces toxines quand ils se l\u00e8chent les pattes. Les enfants peuvent manger des granul\u00e9s chimiquement teints qui peuvent parfois ressembler \u00e0 des bonbons.[\/vc_column_text][\/vc_accordion_tab][vc_accordion_tab title=\u00a0\u00bbFOURNIT UNE TRACTION INCOH\u00c9RENTE\u00a0\u00bb][vc_column_text]Les sels de d\u00e9gla\u00e7age ne sont pas des agents de traction. En fait, ils peuvent r\u00e9duire la traction en laissant derri\u00e8re eux une solution de saumure liquide qui reg\u00e8le, rendant les routes et les trottoirs encore plus glissants qu&rsquo;auparavant.[\/vc_column_text][\/vc_accordion_tab][\/vc_accordion][\/vc_column][\/vc_row][vc_row css_animation=\u00a0\u00bb\u00a0\u00bb row_type=\u00a0\u00bbrow\u00a0\u00bb use_row_as_full_screen_section=\u00a0\u00bbno\u00a0\u00bb type=\u00a0\u00bbgrid\u00a0\u00bb anchor=\u00a0\u00bbportfolio\u00a0\u00bb angled_section=\u00a0\u00bbno\u00a0\u00bb text_align=\u00a0\u00bbleft\u00a0\u00bb background_image_as_pattern=\u00a0\u00bbwithout_pattern\u00a0\u00bb background_color=\u00a0\u00bb#f8f8f8&Prime; border_color=\u00a0\u00bb#eeeeee\u00a0\u00bb padding_top=\u00a0\u00bb50&Prime; padding_bottom=\u00a0\u00bb50&Prime; z_index=\u00a0\u00bb\u00a0\u00bb css=\u00a0\u00bb.vc_custom_1550137183258{background-color: #40228e !important;}\u00a0\u00bb el_class=\u00a0\u00bbzl_ourstorypagelink zl_hide\u00a0\u00bb][vc_column width=\u00a0\u00bb1\/2&Prime;][vc_column_text]\n<h1 style=\"color: #fff;\">Important Links<\/h1>\n[\/vc_column_text][vc_separator type=\u00a0\u00bbsmall\u00a0\u00bb position=\u00a0\u00bbleft\u00a0\u00bb color=\u00a0\u00bb#ffffff\u00a0\u00bb][vc_column_text]\n<ul>\n<li style=\"color: #fff;\"><a style=\"color: #fff;\" href=\"http:\/\/www.elements.nb.ca\/theme\/transportation\/salt\/salt.htm\" target=\"blnak\" rel=\"noopener noreferrer\">Is Road Salt a Major Carcinogen?<\/a><\/li>\n<li style=\"color: #fff;\"><a style=\"color: #fff;\" href=\"http:\/\/www.ecotraction.com\/ourstory.html#TheTopSix\" target=\"blnak\" rel=\"noopener noreferrer\">The Top Six Problems with Salt and Ice Melters<\/a><\/li>\n<li style=\"color: #fff;\"><a style=\"color: #fff;\" href=\"http:\/\/www.prweb.com\/releases\/2008\/02\/prweb683673.htm\" target=\"blnak\" rel=\"noopener noreferrer\">Dog Owners Being Warned of Road Salt Toxicity<\/a><\/li>\n<li style=\"color: #fff;\"><a style=\"color: #fff;\" href=\"http:\/\/www.hc-sc.gc.ca\/ewh-semt\/pubs\/contaminants\/psl2-lsp2\/road_salt_sels_voirie\/road_salt_sels_voirie_synopsis-eng.php\" target=\"blnak\" rel=\"noopener noreferrer\">Environment Canada Declares Road Salt as \u2018Toxic\u2019 Substance 2004<\/a><\/li>\n<li style=\"color: #fff;\"><a style=\"color: #fff;\" href=\"https:\/\/www.cbc.ca\/health\/story\/1999\/12\/30\/salt991230.html\" target=\"blnak\" rel=\"noopener noreferrer\">Road Salt May Cause Cancer \u2013 CBC News, January 2000<\/a><\/li>\n<li style=\"color: #fff;\"><a style=\"color: #fff;\" href=\"https:\/\/www.ewg.org\/\" target=\"blnak\" rel=\"noopener noreferrer\">Pets for the Environment<\/a><\/li>\n<\/ul>\n[\/vc_column_text][\/vc_column][vc_column width=\u00a0\u00bb1\/2&Prime; el_class=\u00a0\u00bbzl_mobile_rightside_space\u00a0\u00bb][vc_column_text]\n<p style=\"color: #fff;\">After some vigilant research Mark discovered that the rock salt used by his municipality on roads, was not the same as the salt served at the dinner table. Not only does un-purified rock salt contain traces of toxic heavy metals such as mercury and lead, but it is also frequently mixed with an anti-caking agent called ferrocyanide.<\/p>\n<p style=\"color: #fff;\">Apparently most municipalities in North America use ferrocyanide as an anti- caking agent to facilitate the spreading of rock salt and to prevent clumping. These ice melter toxins are known to irritate dogs who lick their paws after winter walks and ingest them in unhealthy quantities.<\/p>\n[\/vc_column_text][\/vc_column][\/vc_row][vc_row css_animation=\u00a0\u00bb\u00a0\u00bb row_type=\u00a0\u00bbrow\u00a0\u00bb use_row_as_full_screen_section=\u00a0\u00bbno\u00a0\u00bb type=\u00a0\u00bbgrid\u00a0\u00bb angled_section=\u00a0\u00bbno\u00a0\u00bb text_align=\u00a0\u00bbleft\u00a0\u00bb background_image_as_pattern=\u00a0\u00bbwithout_pattern\u00a0\u00bb padding_top=\u00a0\u00bb50&Prime; padding_bottom=\u00a0\u00bb50&Prime; z_index=\u00a0\u00bb\u00a0\u00bb el_class=\u00a0\u00bbzl_removetoppadding zl_hide\u00a0\u00bb][vc_column width=\u00a0\u00bb1\/2&Prime; el_class=\u00a0\u00bbzl_mobile_rightside_space\u00a0\u00bb][vc_single_image image=\u00a0\u00bb32030&Prime; img_size=\u00a0\u00bbfull\u00a0\u00bb alignment=\u00a0\u00bbcenter\u00a0\u00bb onclick=\u00a0\u00bblink_image\u00a0\u00bb qode_css_animation=\u00a0\u00bbelement_from_left\u00a0\u00bb el_class=\u00a0\u00bbzl_border_around_img\u00a0\u00bb][\/vc_column][\/vc_row]\n<\/div>","protected":false},"excerpt":{"rendered":"<p>[vc_row css_animation=\u00a0\u00bb\u00a0\u00bb row_type=\u00a0\u00bbrow\u00a0\u00bb use_row_as_full_screen_section=\u00a0\u00bbno\u00a0\u00bb type=\u00a0\u00bbgrid\u00a0\u00bb angled_section=\u00a0\u00bbno\u00a0\u00bb text_align=\u00a0\u00bbleft\u00a0\u00bb background_image_as_pattern=\u00a0\u00bbwithout_pattern\u00a0\u00bb padding_top=\u00a0\u00bb50&Prime; padding_bottom=\u00a0\u00bb50&Prime; z_index=\u00a0\u00bb\u00a0\u00bb][vc_column][vc_column_text] \u201cNous n&rsquo;h\u00e9ritons pas de la terre de nos anc\u00eatres, nous l&#8217;empruntons \u00e0 nos enfants.\u201d &#8211; David Brower [\/vc_column_text][vc_separator type=\u00a0\u00bbsmall\u00a0\u00bb position=\u00a0\u00bbleft\u00a0\u00bb color=\u00a0\u00bb#40228e\u00a0\u00bb][vc_empty_space height=\u00a0\u00bb15px\u00a0\u00bb][vc_column_text]Earth Innovations Inc, fabricant d\u2019ecoTraction, a commenc\u00e9 avec mission d\u2019offir une solution de&#8230;<\/p>\n","protected":false},"author":1,"featured_media":0,"parent":0,"menu_order":0,"comment_status":"open","ping_status":"closed","template":"full_width.php","meta":{"footnotes":""},"class_list":["post-32917","page","type-page","status-publish","hentry"],"_links":{"self":[{"href":"https:\/\/ecotraction.com\/fr\/wp-json\/wp\/v2\/pages\/32917","targetHints":{"allow":["GET"]}}],"collection":[{"href":"https:\/\/ecotraction.com\/fr\/wp-json\/wp\/v2\/pages"}],"about":[{"href":"https:\/\/ecotraction.com\/fr\/wp-json\/wp\/v2\/types\/page"}],"author":[{"embeddable":true,"href":"https:\/\/ecotraction.com\/fr\/wp-json\/wp\/v2\/users\/1"}],"replies":[{"embeddable":true,"href":"https:\/\/ecotraction.com\/fr\/wp-json\/wp\/v2\/comments?post=32917"}],"version-history":[{"count":2,"href":"https:\/\/ecotraction.com\/fr\/wp-json\/wp\/v2\/pages\/32917\/revisions"}],"predecessor-version":[{"id":36056,"href":"https:\/\/ecotraction.com\/fr\/wp-json\/wp\/v2\/pages\/32917\/revisions\/36056"}],"wp:attachment":[{"href":"https:\/\/ecotraction.com\/fr\/wp-json\/wp\/v2\/media?parent=32917"}],"curies":[{"name":"wp","href":"https:\/\/api.w.org\/{rel}","templated":true}]}}